{"id":1081,"date":"2025-10-29T14:08:59","date_gmt":"2025-10-29T14:08:59","guid":{"rendered":"https:\/\/fantabimbi.com\/?post_type=product&#038;p=1081"},"modified":"2025-11-08T15:13:03","modified_gmt":"2025-11-08T15:13:03","slug":"play-fun-by-imc-toys-camera-escape","status":"publish","type":"product","link":"https:\/\/fantabimbi.com\/en\/product\/play-fun-by-imc-toys-camera-escape\/","title":{"rendered":"Play Fun BY IMC Toys Camera Escape"},"content":{"rendered":"<ul>\n<li id=\"title\" class=\"a-size-large a-spacing-none\"><span id=\"productTitle\" class=\"a-size-large product-title-word-break\">Play Fun BY IMC Toys Camera Escape | Divertente Gioco di Agenti Segreti, scollega la videocamera Prima Che Ti rilevi &#8211; Divertente Gioco per Bambini dai 6 Anni. (8421134081864)<\/span><\/li>\n<li class=\"a-spacing-mini\"><span class=\"a-list-item\">DIVENTA UN AGENTE SEGRETO con questo gioco con telecamera.<\/span><\/li>\n<li class=\"a-spacing-mini\"><span class=\"a-list-item\">METTI ALLA PROVA LA TUA AGILIT\u00c0 E SFIDA I TUOI RIVALI: prova a disattivare la fotocamera prima che ti rilevi.<\/span><\/li>\n<li class=\"a-spacing-mini\"><span class=\"a-list-item\">PERDERAI SE LA CAM\u00c1RA TI RILEVA 2 VOLTE prima che tu lo raggiunga.<\/span><\/li>\n<li class=\"a-spacing-mini\"><span class=\"a-list-item\">VINCERAI SE TROVI LA GIUSTA COMBINAZIONE per scollegare i cavi della fotocamera.<\/span><\/li>\n<li class=\"a-spacing-mini\"><span class=\"a-list-item\">IDEALE PER INTRATTENERE I BAMBINI IN CASA e tenerli lontani dalla noia. <\/span><\/li>\n<li class=\"a-spacing-mini\"><span class=\"a-list-item\">Per giocare da solo o con gli amici.<\/span><\/li>\n<li>Camera Escape sviluppa la creativit\u00e0 e la concentrazione dei bambini e migliora le capacit\u00e0 motorie e il pensiero matematico e strategico. Inoltre, essendo un gioco strategico, sviluppa le capacit\u00e0 di pensiero dei pi\u00f9 piccoli. L&#8217;abilit\u00e0 e la destrezza dei giocatori vengono messe alla prova.<\/li>\n<\/ul>","protected":false},"excerpt":{"rendered":"<p>Play Fun BY IMC Toys Camera Escape | Divertente Gioco di Agenti Segreti, scollega la videocamera Prima Che Ti rilevi<\/p>","protected":false},"featured_media":1082,"comment_status":"open","ping_status":"closed","template":"","meta":[],"product_brand":[],"product_cat":[17],"product_tag":[],"class_list":{"0":"post-1081","1":"product","2":"type-product","3":"status-publish","4":"has-post-thumbnail","6":"product_cat-party-games","8":"first","9":"instock","10":"sale","11":"taxable","12":"shipping-taxable","13":"purchasable","14":"product-type-simple"},"yoast_head":"<!-- This site is optimized with the Yoast SEO plugin v27.3 - https:\/\/yoast.com\/product\/yoast-seo-wordpress\/ -->\n<title>Play Fun BY IMC Toys Camera Escape - FantaBimbi<\/title>\n<meta name=\"description\" content=\"DIVENTA UN AGENTE SEGRETO con questo gioco con telecamera. METTI ALLA PROVA LA TUA AGILIT\u00c0 E SFIDA I TUOI RIVALI: prova a disattivare la fotocamera prima che ti rilevi.\" \/>\n<meta name=\"robots\" content=\"index, follow, max-snippet:-1, max-image-preview:large, max-video-preview:-1\" \/>\n<link rel=\"canonical\" href=\"https:\/\/fantabimbi.com\/en\/product\/play-fun-by-imc-toys-camera-escape\/\" \/>\n<meta property=\"og:locale\" content=\"en_GB\" \/>\n<meta property=\"og:type\" content=\"article\" \/>\n<meta property=\"og:title\" content=\"Play Fun BY IMC Toys Camera Escape - FantaBimbi\" \/>\n<meta property=\"og:description\" content=\"DIVENTA UN AGENTE SEGRETO con questo gioco con telecamera. METTI ALLA PROVA LA TUA AGILIT\u00c0 E SFIDA I TUOI RIVALI: prova a disattivare la fotocamera prima che ti rilevi.\" \/>\n<meta property=\"og:url\" content=\"https:\/\/fantabimbi.com\/en\/product\/play-fun-by-imc-toys-camera-escape\/\" \/>\n<meta property=\"og:site_name\" content=\"FantaBimbi\" \/>\n<meta property=\"article:publisher\" content=\"https:\/\/www.facebook.com\/profile.php?id=100064145347457\" \/>\n<meta property=\"article:modified_time\" content=\"2025-11-08T15:13:03+00:00\" \/>\n<meta property=\"og:image\" content=\"https:\/\/fantabimbi.com\/wp-content\/uploads\/2025\/10\/018d24db-0e6a-4b0f-b3cb-9c0b0561678b.jpg\" \/>\n\t<meta property=\"og:image:width\" content=\"1085\" \/>\n\t<meta property=\"og:image:height\" content=\"1600\" \/>\n\t<meta property=\"og:image:type\" content=\"image\/jpeg\" \/>\n<meta name=\"twitter:card\" content=\"summary_large_image\" \/>\n<meta name=\"twitter:label1\" content=\"Estimated reading time\" \/>\n\t<meta name=\"twitter:data1\" content=\"1 minute\" \/>\n<script type=\"application\/ld+json\" class=\"yoast-schema-graph\">{\"@context\":\"https:\\\/\\\/schema.org\",\"@graph\":[{\"@type\":\"WebPage\",\"@id\":\"https:\\\/\\\/fantabimbi.com\\\/product\\\/play-fun-by-imc-toys-camera-escape\\\/\",\"url\":\"https:\\\/\\\/fantabimbi.com\\\/product\\\/play-fun-by-imc-toys-camera-escape\\\/\",\"name\":\"Play Fun BY IMC Toys Camera Escape - FantaBimbi\",\"isPartOf\":{\"@id\":\"https:\\\/\\\/fantabimbi.com\\\/#website\"},\"primaryImageOfPage\":{\"@id\":\"https:\\\/\\\/fantabimbi.com\\\/product\\\/play-fun-by-imc-toys-camera-escape\\\/#primaryimage\"},\"image\":{\"@id\":\"https:\\\/\\\/fantabimbi.com\\\/product\\\/play-fun-by-imc-toys-camera-escape\\\/#primaryimage\"},\"thumbnailUrl\":\"https:\\\/\\\/fantabimbi.com\\\/wp-content\\\/uploads\\\/2025\\\/10\\\/018d24db-0e6a-4b0f-b3cb-9c0b0561678b.jpg\",\"datePublished\":\"2025-10-29T14:08:59+00:00\",\"dateModified\":\"2025-11-08T15:13:03+00:00\",\"description\":\"DIVENTA UN AGENTE SEGRETO con questo gioco con telecamera. METTI ALLA PROVA LA TUA AGILIT\u00c0 E SFIDA I TUOI RIVALI: prova a disattivare la fotocamera prima che ti rilevi.\",\"breadcrumb\":{\"@id\":\"https:\\\/\\\/fantabimbi.com\\\/product\\\/play-fun-by-imc-toys-camera-escape\\\/#breadcrumb\"},\"inLanguage\":\"en-GB\",\"potentialAction\":[{\"@type\":\"ReadAction\",\"target\":[\"https:\\\/\\\/fantabimbi.com\\\/product\\\/play-fun-by-imc-toys-camera-escape\\\/\"]}]},{\"@type\":\"ImageObject\",\"inLanguage\":\"en-GB\",\"@id\":\"https:\\\/\\\/fantabimbi.com\\\/product\\\/play-fun-by-imc-toys-camera-escape\\\/#primaryimage\",\"url\":\"https:\\\/\\\/fantabimbi.com\\\/wp-content\\\/uploads\\\/2025\\\/10\\\/018d24db-0e6a-4b0f-b3cb-9c0b0561678b.jpg\",\"contentUrl\":\"https:\\\/\\\/fantabimbi.com\\\/wp-content\\\/uploads\\\/2025\\\/10\\\/018d24db-0e6a-4b0f-b3cb-9c0b0561678b.jpg\",\"width\":1085,\"height\":1600},{\"@type\":\"BreadcrumbList\",\"@id\":\"https:\\\/\\\/fantabimbi.com\\\/product\\\/play-fun-by-imc-toys-camera-escape\\\/#breadcrumb\",\"itemListElement\":[{\"@type\":\"ListItem\",\"position\":1,\"name\":\"Home\",\"item\":\"https:\\\/\\\/fantabimbi.com\\\/\"},{\"@type\":\"ListItem\",\"position\":2,\"name\":\"Negozio\",\"item\":\"https:\\\/\\\/fantabimbi.com\\\/shop\\\/\"},{\"@type\":\"ListItem\",\"position\":3,\"name\":\"Play Fun BY IMC Toys Camera Escape\"}]},{\"@type\":\"WebSite\",\"@id\":\"https:\\\/\\\/fantabimbi.com\\\/#website\",\"url\":\"https:\\\/\\\/fantabimbi.com\\\/\",\"name\":\"FantaBimbi\",\"description\":\"\",\"publisher\":{\"@id\":\"https:\\\/\\\/fantabimbi.com\\\/#organization\"},\"potentialAction\":[{\"@type\":\"SearchAction\",\"target\":{\"@type\":\"EntryPoint\",\"urlTemplate\":\"https:\\\/\\\/fantabimbi.com\\\/?s={search_term_string}\"},\"query-input\":{\"@type\":\"PropertyValueSpecification\",\"valueRequired\":true,\"valueName\":\"search_term_string\"}}],\"inLanguage\":\"en-GB\"},{\"@type\":\"Organization\",\"@id\":\"https:\\\/\\\/fantabimbi.com\\\/#organization\",\"name\":\"FantaBimbi\",\"url\":\"https:\\\/\\\/fantabimbi.com\\\/\",\"logo\":{\"@type\":\"ImageObject\",\"inLanguage\":\"en-GB\",\"@id\":\"https:\\\/\\\/fantabimbi.com\\\/#\\\/schema\\\/logo\\\/image\\\/\",\"url\":\"https:\\\/\\\/fantabimbi.com\\\/wp-content\\\/uploads\\\/2025\\\/10\\\/fantabimbi.png\",\"contentUrl\":\"https:\\\/\\\/fantabimbi.com\\\/wp-content\\\/uploads\\\/2025\\\/10\\\/fantabimbi.png\",\"width\":2302,\"height\":671,\"caption\":\"FantaBimbi\"},\"image\":{\"@id\":\"https:\\\/\\\/fantabimbi.com\\\/#\\\/schema\\\/logo\\\/image\\\/\"},\"sameAs\":[\"https:\\\/\\\/www.facebook.com\\\/profile.php?id=100064145347457\"]}]}<\/script>\n<!-- \/ Yoast SEO plugin. -->","yoast_head_json":{"title":"Play Fun BY IMC Toys Camera Escape - FantaBimbi","description":"DIVENTA UN AGENTE SEGRETO con questo gioco con telecamera. METTI ALLA PROVA LA TUA AGILIT\u00c0 E SFIDA I TUOI RIVALI: prova a disattivare la fotocamera prima che ti rilevi.","robots":{"index":"index","follow":"follow","max-snippet":"max-snippet:-1","max-image-preview":"max-image-preview:large","max-video-preview":"max-video-preview:-1"},"canonical":"https:\/\/fantabimbi.com\/en\/product\/play-fun-by-imc-toys-camera-escape\/","og_locale":"en_GB","og_type":"article","og_title":"Play Fun BY IMC Toys Camera Escape - FantaBimbi","og_description":"DIVENTA UN AGENTE SEGRETO con questo gioco con telecamera. METTI ALLA PROVA LA TUA AGILIT\u00c0 E SFIDA I TUOI RIVALI: prova a disattivare la fotocamera prima che ti rilevi.","og_url":"https:\/\/fantabimbi.com\/en\/product\/play-fun-by-imc-toys-camera-escape\/","og_site_name":"FantaBimbi","article_publisher":"https:\/\/www.facebook.com\/profile.php?id=100064145347457","article_modified_time":"2025-11-08T15:13:03+00:00","og_image":[{"width":1085,"height":1600,"url":"https:\/\/fantabimbi.com\/wp-content\/uploads\/2025\/10\/018d24db-0e6a-4b0f-b3cb-9c0b0561678b.jpg","type":"image\/jpeg"}],"twitter_card":"summary_large_image","twitter_misc":{"Estimated reading time":"1 minute"},"schema":{"@context":"https:\/\/schema.org","@graph":[{"@type":"WebPage","@id":"https:\/\/fantabimbi.com\/product\/play-fun-by-imc-toys-camera-escape\/","url":"https:\/\/fantabimbi.com\/product\/play-fun-by-imc-toys-camera-escape\/","name":"Play Fun BY IMC Toys Camera Escape - FantaBimbi","isPartOf":{"@id":"https:\/\/fantabimbi.com\/#website"},"primaryImageOfPage":{"@id":"https:\/\/fantabimbi.com\/product\/play-fun-by-imc-toys-camera-escape\/#primaryimage"},"image":{"@id":"https:\/\/fantabimbi.com\/product\/play-fun-by-imc-toys-camera-escape\/#primaryimage"},"thumbnailUrl":"https:\/\/fantabimbi.com\/wp-content\/uploads\/2025\/10\/018d24db-0e6a-4b0f-b3cb-9c0b0561678b.jpg","datePublished":"2025-10-29T14:08:59+00:00","dateModified":"2025-11-08T15:13:03+00:00","description":"DIVENTA UN AGENTE SEGRETO con questo gioco con telecamera. METTI ALLA PROVA LA TUA AGILIT\u00c0 E SFIDA I TUOI RIVALI: prova a disattivare la fotocamera prima che ti rilevi.","breadcrumb":{"@id":"https:\/\/fantabimbi.com\/product\/play-fun-by-imc-toys-camera-escape\/#breadcrumb"},"inLanguage":"en-GB","potentialAction":[{"@type":"ReadAction","target":["https:\/\/fantabimbi.com\/product\/play-fun-by-imc-toys-camera-escape\/"]}]},{"@type":"ImageObject","inLanguage":"en-GB","@id":"https:\/\/fantabimbi.com\/product\/play-fun-by-imc-toys-camera-escape\/#primaryimage","url":"https:\/\/fantabimbi.com\/wp-content\/uploads\/2025\/10\/018d24db-0e6a-4b0f-b3cb-9c0b0561678b.jpg","contentUrl":"https:\/\/fantabimbi.com\/wp-content\/uploads\/2025\/10\/018d24db-0e6a-4b0f-b3cb-9c0b0561678b.jpg","width":1085,"height":1600},{"@type":"BreadcrumbList","@id":"https:\/\/fantabimbi.com\/product\/play-fun-by-imc-toys-camera-escape\/#breadcrumb","itemListElement":[{"@type":"ListItem","position":1,"name":"Home","item":"https:\/\/fantabimbi.com\/"},{"@type":"ListItem","position":2,"name":"Negozio","item":"https:\/\/fantabimbi.com\/shop\/"},{"@type":"ListItem","position":3,"name":"Play Fun BY IMC Toys Camera Escape"}]},{"@type":"WebSite","@id":"https:\/\/fantabimbi.com\/#website","url":"https:\/\/fantabimbi.com\/","name":"FantaBimbi","description":"","publisher":{"@id":"https:\/\/fantabimbi.com\/#organization"},"potentialAction":[{"@type":"SearchAction","target":{"@type":"EntryPoint","urlTemplate":"https:\/\/fantabimbi.com\/?s={search_term_string}"},"query-input":{"@type":"PropertyValueSpecification","valueRequired":true,"valueName":"search_term_string"}}],"inLanguage":"en-GB"},{"@type":"Organization","@id":"https:\/\/fantabimbi.com\/#organization","name":"FantaBimbi","url":"https:\/\/fantabimbi.com\/","logo":{"@type":"ImageObject","inLanguage":"en-GB","@id":"https:\/\/fantabimbi.com\/#\/schema\/logo\/image\/","url":"https:\/\/fantabimbi.com\/wp-content\/uploads\/2025\/10\/fantabimbi.png","contentUrl":"https:\/\/fantabimbi.com\/wp-content\/uploads\/2025\/10\/fantabimbi.png","width":2302,"height":671,"caption":"FantaBimbi"},"image":{"@id":"https:\/\/fantabimbi.com\/#\/schema\/logo\/image\/"},"sameAs":["https:\/\/www.facebook.com\/profile.php?id=100064145347457"]}]}},"_links":{"self":[{"href":"https:\/\/fantabimbi.com\/en\/wp-json\/wp\/v2\/product\/1081","targetHints":{"allow":["GET"]}}],"collection":[{"href":"https:\/\/fantabimbi.com\/en\/wp-json\/wp\/v2\/product"}],"about":[{"href":"https:\/\/fantabimbi.com\/en\/wp-json\/wp\/v2\/types\/product"}],"replies":[{"embeddable":true,"href":"https:\/\/fantabimbi.com\/en\/wp-json\/wp\/v2\/comments?post=1081"}],"wp:featuredmedia":[{"embeddable":true,"href":"https:\/\/fantabimbi.com\/en\/wp-json\/wp\/v2\/media\/1082"}],"wp:attachment":[{"href":"https:\/\/fantabimbi.com\/en\/wp-json\/wp\/v2\/media?parent=1081"}],"wp:term":[{"taxonomy":"product_brand","embeddable":true,"href":"https:\/\/fantabimbi.com\/en\/wp-json\/wp\/v2\/product_brand?post=1081"},{"taxonomy":"product_cat","embeddable":true,"href":"https:\/\/fantabimbi.com\/en\/wp-json\/wp\/v2\/product_cat?post=1081"},{"taxonomy":"product_tag","embeddable":true,"href":"https:\/\/fantabimbi.com\/en\/wp-json\/wp\/v2\/product_tag?post=1081"}],"curies":[{"name":"wp","href":"https:\/\/api.w.org\/{rel}","templated":true}]}}