{"id":1120,"date":"2025-10-30T09:19:20","date_gmt":"2025-10-30T09:19:20","guid":{"rendered":"https:\/\/fantabimbi.com\/?post_type=product&#038;p=1120"},"modified":"2025-11-08T15:02:54","modified_gmt":"2025-11-08T15:02:54","slug":"clementoni-macchine-da-corsa-2in1","status":"publish","type":"product","link":"https:\/\/fantabimbi.com\/en\/product\/clementoni-macchine-da-corsa-2in1\/","title":{"rendered":"Clementoni 2-in-1 Racing Cars"},"content":{"rendered":"<ul class=\"a-unordered-list a-vertical a-spacing-mini\">\n<li class=\"a-spacing-mini\"><span class=\"a-list-item\">LABORATORIO DI MECCANICA MACCHINE DA CORSA: un set di costruzioni che permette ai bambini di esplorare i principi della meccanica e dell&#8217;ingegneria costruendo 4 auto da corsa con oltre 190 componenti. (8005125194292)<\/span><\/li>\n<li class=\"a-spacing-mini\"><span class=\"a-list-item\">IMPARARE GIOCANDO: questo kit include pi\u00f9 di 90 componenti per costruire la propria macchina da corsa scegliendo tra 4 modelli, permettendo ai bambini di comprendere come funzionano gli ingranaggi, trasformando l&#8217;apprendimento in un&#8217;avventura.<\/span><\/li>\n<li class=\"a-spacing-mini\"><span class=\"a-list-item\">COME GIOCARE: i bambini possono assemblare l&#8217;auto seguendo il manuale d&#8217;istruzioni, esplorando le dinamiche della meccanica con attivit\u00e0 pratiche che sviluppano la capacit\u00e0 di risolvere problemi e la creativit\u00e0 ingegneristica.<\/span><\/li>\n<li class=\"a-spacing-mini\"><span class=\"a-list-item\">COSA CONTIENE: gioco scientifico Made in Italy, per bambini dagli 8 anni in su, include oltre 90 componenti tra cui sterzo a cremagliera e pistoni, con APP gratuita con animazioni 3D che supportano il montaggio.<\/span><\/li>\n<li class=\"a-spacing-mini\"><span class=\"a-list-item\">CLEMENTONI SCIENZA E GIOCO LABORATORIO DI MECCANICA: una serie di modellini in scala da costruire e ricostruire, stimolando la fantasia e imparando concetti di ingegneria e meccanica; tanti kit spettacolari per unire progettazione, manualit\u00e0 e ingegno.<\/span><\/li>\n<\/ul>","protected":false},"excerpt":{"rendered":"<p>LABORATORIO DI MECCANICA MACCHINE DA CORSA: un set di costruzioni che permette ai bambini di esplorare i principi della meccanica<\/p>","protected":false},"featured_media":1121,"comment_status":"open","ping_status":"closed","template":"","meta":[],"product_brand":[],"product_cat":[21,18],"product_tag":[],"class_list":{"0":"post-1120","1":"product","2":"type-product","3":"status-publish","4":"has-post-thumbnail","6":"product_cat-cars","7":"product_cat-costruzioni","9":"first","10":"instock","11":"taxable","12":"shipping-taxable","13":"purchasable","14":"product-type-simple"},"yoast_head":"<!-- This site is optimized with the Yoast SEO plugin v27.3 - https:\/\/yoast.com\/product\/yoast-seo-wordpress\/ -->\n<title>Clementoni Macchine da Corsa 2in1 - FantaBimbi<\/title>\n<meta name=\"description\" content=\"un set di costruzioni che permette ai bambini di esplorare i principi della meccanica e dell&#039;ingegneria costruendo 4 auto da corsa con oltre 190 componenti. Made in Italy, per bambini dagli 8 anni in su,\" \/>\n<meta name=\"robots\" content=\"index, follow, max-snippet:-1, max-image-preview:large, max-video-preview:-1\" \/>\n<link rel=\"canonical\" href=\"https:\/\/fantabimbi.com\/en\/product\/clementoni-macchine-da-corsa-2in1\/\" \/>\n<meta property=\"og:locale\" content=\"en_GB\" \/>\n<meta property=\"og:type\" content=\"article\" \/>\n<meta property=\"og:title\" content=\"Clementoni Macchine da Corsa 2in1 - FantaBimbi\" \/>\n<meta property=\"og:description\" content=\"un set di costruzioni che permette ai bambini di esplorare i principi della meccanica e dell&#039;ingegneria costruendo 4 auto da corsa con oltre 190 componenti. Made in Italy, per bambini dagli 8 anni in su,\" \/>\n<meta property=\"og:url\" content=\"https:\/\/fantabimbi.com\/en\/product\/clementoni-macchine-da-corsa-2in1\/\" \/>\n<meta property=\"og:site_name\" content=\"FantaBimbi\" \/>\n<meta property=\"article:publisher\" content=\"https:\/\/www.facebook.com\/profile.php?id=100064145347457\" \/>\n<meta property=\"article:modified_time\" content=\"2025-11-08T15:02:54+00:00\" \/>\n<meta property=\"og:image\" content=\"https:\/\/fantabimbi.com\/wp-content\/uploads\/2025\/10\/9fa01462-232a-4de8-af95-d18a47ca4d38.jpg\" \/>\n\t<meta property=\"og:image:width\" content=\"1002\" \/>\n\t<meta property=\"og:image:height\" content=\"1600\" \/>\n\t<meta property=\"og:image:type\" content=\"image\/jpeg\" \/>\n<meta name=\"twitter:card\" content=\"summary_large_image\" \/>\n<meta name=\"twitter:label1\" content=\"Estimated reading time\" \/>\n\t<meta name=\"twitter:data1\" content=\"2 minutes\" \/>\n<script type=\"application\/ld+json\" class=\"yoast-schema-graph\">{\"@context\":\"https:\\\/\\\/schema.org\",\"@graph\":[{\"@type\":\"WebPage\",\"@id\":\"https:\\\/\\\/fantabimbi.com\\\/product\\\/clementoni-macchine-da-corsa-2in1\\\/\",\"url\":\"https:\\\/\\\/fantabimbi.com\\\/product\\\/clementoni-macchine-da-corsa-2in1\\\/\",\"name\":\"Clementoni Macchine da Corsa 2in1 - FantaBimbi\",\"isPartOf\":{\"@id\":\"https:\\\/\\\/fantabimbi.com\\\/#website\"},\"primaryImageOfPage\":{\"@id\":\"https:\\\/\\\/fantabimbi.com\\\/product\\\/clementoni-macchine-da-corsa-2in1\\\/#primaryimage\"},\"image\":{\"@id\":\"https:\\\/\\\/fantabimbi.com\\\/product\\\/clementoni-macchine-da-corsa-2in1\\\/#primaryimage\"},\"thumbnailUrl\":\"https:\\\/\\\/fantabimbi.com\\\/wp-content\\\/uploads\\\/2025\\\/10\\\/9fa01462-232a-4de8-af95-d18a47ca4d38.jpg\",\"datePublished\":\"2025-10-30T09:19:20+00:00\",\"dateModified\":\"2025-11-08T15:02:54+00:00\",\"description\":\"un set di costruzioni che permette ai bambini di esplorare i principi della meccanica e dell'ingegneria costruendo 4 auto da corsa con oltre 190 componenti. Made in Italy, per bambini dagli 8 anni in su,\",\"breadcrumb\":{\"@id\":\"https:\\\/\\\/fantabimbi.com\\\/product\\\/clementoni-macchine-da-corsa-2in1\\\/#breadcrumb\"},\"inLanguage\":\"en-GB\",\"potentialAction\":[{\"@type\":\"ReadAction\",\"target\":[\"https:\\\/\\\/fantabimbi.com\\\/product\\\/clementoni-macchine-da-corsa-2in1\\\/\"]}]},{\"@type\":\"ImageObject\",\"inLanguage\":\"en-GB\",\"@id\":\"https:\\\/\\\/fantabimbi.com\\\/product\\\/clementoni-macchine-da-corsa-2in1\\\/#primaryimage\",\"url\":\"https:\\\/\\\/fantabimbi.com\\\/wp-content\\\/uploads\\\/2025\\\/10\\\/9fa01462-232a-4de8-af95-d18a47ca4d38.jpg\",\"contentUrl\":\"https:\\\/\\\/fantabimbi.com\\\/wp-content\\\/uploads\\\/2025\\\/10\\\/9fa01462-232a-4de8-af95-d18a47ca4d38.jpg\",\"width\":1002,\"height\":1600},{\"@type\":\"BreadcrumbList\",\"@id\":\"https:\\\/\\\/fantabimbi.com\\\/product\\\/clementoni-macchine-da-corsa-2in1\\\/#breadcrumb\",\"itemListElement\":[{\"@type\":\"ListItem\",\"position\":1,\"name\":\"Home\",\"item\":\"https:\\\/\\\/fantabimbi.com\\\/\"},{\"@type\":\"ListItem\",\"position\":2,\"name\":\"Negozio\",\"item\":\"https:\\\/\\\/fantabimbi.com\\\/shop\\\/\"},{\"@type\":\"ListItem\",\"position\":3,\"name\":\"Clementoni Macchine da Corsa 2in1\"}]},{\"@type\":\"WebSite\",\"@id\":\"https:\\\/\\\/fantabimbi.com\\\/#website\",\"url\":\"https:\\\/\\\/fantabimbi.com\\\/\",\"name\":\"FantaBimbi\",\"description\":\"\",\"publisher\":{\"@id\":\"https:\\\/\\\/fantabimbi.com\\\/#organization\"},\"potentialAction\":[{\"@type\":\"SearchAction\",\"target\":{\"@type\":\"EntryPoint\",\"urlTemplate\":\"https:\\\/\\\/fantabimbi.com\\\/?s={search_term_string}\"},\"query-input\":{\"@type\":\"PropertyValueSpecification\",\"valueRequired\":true,\"valueName\":\"search_term_string\"}}],\"inLanguage\":\"en-GB\"},{\"@type\":\"Organization\",\"@id\":\"https:\\\/\\\/fantabimbi.com\\\/#organization\",\"name\":\"FantaBimbi\",\"url\":\"https:\\\/\\\/fantabimbi.com\\\/\",\"logo\":{\"@type\":\"ImageObject\",\"inLanguage\":\"en-GB\",\"@id\":\"https:\\\/\\\/fantabimbi.com\\\/#\\\/schema\\\/logo\\\/image\\\/\",\"url\":\"https:\\\/\\\/fantabimbi.com\\\/wp-content\\\/uploads\\\/2025\\\/10\\\/fantabimbi.png\",\"contentUrl\":\"https:\\\/\\\/fantabimbi.com\\\/wp-content\\\/uploads\\\/2025\\\/10\\\/fantabimbi.png\",\"width\":2302,\"height\":671,\"caption\":\"FantaBimbi\"},\"image\":{\"@id\":\"https:\\\/\\\/fantabimbi.com\\\/#\\\/schema\\\/logo\\\/image\\\/\"},\"sameAs\":[\"https:\\\/\\\/www.facebook.com\\\/profile.php?id=100064145347457\"]}]}<\/script>\n<!-- \/ Yoast SEO plugin. -->","yoast_head_json":{"title":"Clementoni Macchine da Corsa 2in1 - FantaBimbi","description":"un set di costruzioni che permette ai bambini di esplorare i principi della meccanica e dell'ingegneria costruendo 4 auto da corsa con oltre 190 componenti. Made in Italy, per bambini dagli 8 anni in su,","robots":{"index":"index","follow":"follow","max-snippet":"max-snippet:-1","max-image-preview":"max-image-preview:large","max-video-preview":"max-video-preview:-1"},"canonical":"https:\/\/fantabimbi.com\/en\/product\/clementoni-macchine-da-corsa-2in1\/","og_locale":"en_GB","og_type":"article","og_title":"Clementoni Macchine da Corsa 2in1 - FantaBimbi","og_description":"un set di costruzioni che permette ai bambini di esplorare i principi della meccanica e dell'ingegneria costruendo 4 auto da corsa con oltre 190 componenti. Made in Italy, per bambini dagli 8 anni in su,","og_url":"https:\/\/fantabimbi.com\/en\/product\/clementoni-macchine-da-corsa-2in1\/","og_site_name":"FantaBimbi","article_publisher":"https:\/\/www.facebook.com\/profile.php?id=100064145347457","article_modified_time":"2025-11-08T15:02:54+00:00","og_image":[{"width":1002,"height":1600,"url":"https:\/\/fantabimbi.com\/wp-content\/uploads\/2025\/10\/9fa01462-232a-4de8-af95-d18a47ca4d38.jpg","type":"image\/jpeg"}],"twitter_card":"summary_large_image","twitter_misc":{"Estimated reading time":"2 minutes"},"schema":{"@context":"https:\/\/schema.org","@graph":[{"@type":"WebPage","@id":"https:\/\/fantabimbi.com\/product\/clementoni-macchine-da-corsa-2in1\/","url":"https:\/\/fantabimbi.com\/product\/clementoni-macchine-da-corsa-2in1\/","name":"Clementoni Macchine da Corsa 2in1 - FantaBimbi","isPartOf":{"@id":"https:\/\/fantabimbi.com\/#website"},"primaryImageOfPage":{"@id":"https:\/\/fantabimbi.com\/product\/clementoni-macchine-da-corsa-2in1\/#primaryimage"},"image":{"@id":"https:\/\/fantabimbi.com\/product\/clementoni-macchine-da-corsa-2in1\/#primaryimage"},"thumbnailUrl":"https:\/\/fantabimbi.com\/wp-content\/uploads\/2025\/10\/9fa01462-232a-4de8-af95-d18a47ca4d38.jpg","datePublished":"2025-10-30T09:19:20+00:00","dateModified":"2025-11-08T15:02:54+00:00","description":"un set di costruzioni che permette ai bambini di esplorare i principi della meccanica e dell'ingegneria costruendo 4 auto da corsa con oltre 190 componenti. Made in Italy, per bambini dagli 8 anni in su,","breadcrumb":{"@id":"https:\/\/fantabimbi.com\/product\/clementoni-macchine-da-corsa-2in1\/#breadcrumb"},"inLanguage":"en-GB","potentialAction":[{"@type":"ReadAction","target":["https:\/\/fantabimbi.com\/product\/clementoni-macchine-da-corsa-2in1\/"]}]},{"@type":"ImageObject","inLanguage":"en-GB","@id":"https:\/\/fantabimbi.com\/product\/clementoni-macchine-da-corsa-2in1\/#primaryimage","url":"https:\/\/fantabimbi.com\/wp-content\/uploads\/2025\/10\/9fa01462-232a-4de8-af95-d18a47ca4d38.jpg","contentUrl":"https:\/\/fantabimbi.com\/wp-content\/uploads\/2025\/10\/9fa01462-232a-4de8-af95-d18a47ca4d38.jpg","width":1002,"height":1600},{"@type":"BreadcrumbList","@id":"https:\/\/fantabimbi.com\/product\/clementoni-macchine-da-corsa-2in1\/#breadcrumb","itemListElement":[{"@type":"ListItem","position":1,"name":"Home","item":"https:\/\/fantabimbi.com\/"},{"@type":"ListItem","position":2,"name":"Negozio","item":"https:\/\/fantabimbi.com\/shop\/"},{"@type":"ListItem","position":3,"name":"Clementoni Macchine da Corsa 2in1"}]},{"@type":"WebSite","@id":"https:\/\/fantabimbi.com\/#website","url":"https:\/\/fantabimbi.com\/","name":"FantaBimbi","description":"","publisher":{"@id":"https:\/\/fantabimbi.com\/#organization"},"potentialAction":[{"@type":"SearchAction","target":{"@type":"EntryPoint","urlTemplate":"https:\/\/fantabimbi.com\/?s={search_term_string}"},"query-input":{"@type":"PropertyValueSpecification","valueRequired":true,"valueName":"search_term_string"}}],"inLanguage":"en-GB"},{"@type":"Organization","@id":"https:\/\/fantabimbi.com\/#organization","name":"FantaBimbi","url":"https:\/\/fantabimbi.com\/","logo":{"@type":"ImageObject","inLanguage":"en-GB","@id":"https:\/\/fantabimbi.com\/#\/schema\/logo\/image\/","url":"https:\/\/fantabimbi.com\/wp-content\/uploads\/2025\/10\/fantabimbi.png","contentUrl":"https:\/\/fantabimbi.com\/wp-content\/uploads\/2025\/10\/fantabimbi.png","width":2302,"height":671,"caption":"FantaBimbi"},"image":{"@id":"https:\/\/fantabimbi.com\/#\/schema\/logo\/image\/"},"sameAs":["https:\/\/www.facebook.com\/profile.php?id=100064145347457"]}]}},"_links":{"self":[{"href":"https:\/\/fantabimbi.com\/en\/wp-json\/wp\/v2\/product\/1120","targetHints":{"allow":["GET"]}}],"collection":[{"href":"https:\/\/fantabimbi.com\/en\/wp-json\/wp\/v2\/product"}],"about":[{"href":"https:\/\/fantabimbi.com\/en\/wp-json\/wp\/v2\/types\/product"}],"replies":[{"embeddable":true,"href":"https:\/\/fantabimbi.com\/en\/wp-json\/wp\/v2\/comments?post=1120"}],"wp:featuredmedia":[{"embeddable":true,"href":"https:\/\/fantabimbi.com\/en\/wp-json\/wp\/v2\/media\/1121"}],"wp:attachment":[{"href":"https:\/\/fantabimbi.com\/en\/wp-json\/wp\/v2\/media?parent=1120"}],"wp:term":[{"taxonomy":"product_brand","embeddable":true,"href":"https:\/\/fantabimbi.com\/en\/wp-json\/wp\/v2\/product_brand?post=1120"},{"taxonomy":"product_cat","embeddable":true,"href":"https:\/\/fantabimbi.com\/en\/wp-json\/wp\/v2\/product_cat?post=1120"},{"taxonomy":"product_tag","embeddable":true,"href":"https:\/\/fantabimbi.com\/en\/wp-json\/wp\/v2\/product_tag?post=1120"}],"curies":[{"name":"wp","href":"https:\/\/api.w.org\/{rel}","templated":true}]}}