{"id":1358,"date":"2025-11-03T12:18:13","date_gmt":"2025-11-03T12:18:13","guid":{"rendered":"https:\/\/fantabimbi.com\/?post_type=product&#038;p=1358"},"modified":"2025-11-07T17:09:44","modified_gmt":"2025-11-07T17:09:44","slug":"pinypon-terrific-mansion","status":"publish","type":"product","link":"https:\/\/fantabimbi.com\/en\/product\/pinypon-terrific-mansion\/","title":{"rendered":"Pinypon, Terrific Mansion"},"content":{"rendered":"<ul>\n<li id=\"title\" class=\"a-size-large a-spacing-none\"><span id=\"productTitle\" class=\"a-size-large product-title-word-break\">Pinypon &#8211; Terrific Mansion, Playset Pieno di Sorprese e Magia, Include un Personaggio Strega, Con Accessori Che Si Illuminano al Buio. (8056379152019)<\/span><\/li>\n<li class=\"a-spacing-mini\"><span class=\"a-list-item\">Una casa magica piena di sorprese per gli amanti dell&#8217;horror.<\/span><\/li>\n<li class=\"a-spacing-mini\"><span class=\"a-list-item\">Include un sarcofago che si trasforma in un tavolo da DJ, una spettrale sfera luminosa da discoteca, un ascensore che si capovolge, un giradischi magico e un divano a forma di bara.<\/span><\/li>\n<li class=\"a-spacing-mini\"><span class=\"a-list-item\">Goditi la compagnia del personaggio Pinypon strega e accessori che si illuminano al buio.<\/span><\/li>\n<li class=\"a-spacing-mini\"><span class=\"a-list-item\">La casa ha la forma di una valigetta con maniglia, che la rende facile da trasportare e permette di riporre tutti gli accessori al suo interno.<\/span><\/li>\n<li class=\"a-spacing-mini\"><span class=\"a-list-item\">Adatta a bambine\/i dai 4 anni in su, questa casa Pinypon stimoler\u00e0 l&#8217;immaginazione e la creativit\u00e0 dei pi\u00f9 piccoli.<\/span><\/li>\n<\/ul>","protected":false},"excerpt":{"rendered":"<p>Pinypon &#8211; Terrific Mansion, Playset Pieno di Sorprese e Magia, Include un Personaggio Strega, Con Accessori Che Si Illuminano al<\/p>","protected":false},"featured_media":1359,"comment_status":"open","ping_status":"closed","template":"","meta":[],"product_brand":[],"product_cat":[20,17],"product_tag":[],"class_list":{"0":"post-1358","1":"product","2":"type-product","3":"status-publish","4":"has-post-thumbnail","6":"product_cat-dolls","7":"product_cat-party-games","9":"first","10":"instock","11":"taxable","12":"shipping-taxable","13":"purchasable","14":"product-type-simple"},"yoast_head":"<!-- This site is optimized with the Yoast SEO plugin v27.4 - https:\/\/yoast.com\/product\/yoast-seo-wordpress\/ -->\n<title>Pinypon, Terrific Mansion - FantaBimbi<\/title>\n<meta name=\"description\" content=\"Una casa magica piena di sorprese per gli amanti dell&#039;horror. Include un sarcofago che si trasforma in un tavolo da DJ, una spettrale sfera luminosa da discoteca, un ascensore che si capovolge, un giradischi magico e un divano a forma di bara.\" \/>\n<meta name=\"robots\" content=\"index, follow, max-snippet:-1, max-image-preview:large, max-video-preview:-1\" \/>\n<link rel=\"canonical\" href=\"https:\/\/fantabimbi.com\/en\/product\/pinypon-terrific-mansion\/\" \/>\n<meta property=\"og:locale\" content=\"en_GB\" \/>\n<meta property=\"og:type\" content=\"article\" \/>\n<meta property=\"og:title\" content=\"Pinypon, Terrific Mansion - FantaBimbi\" \/>\n<meta property=\"og:description\" content=\"Una casa magica piena di sorprese per gli amanti dell&#039;horror. Include un sarcofago che si trasforma in un tavolo da DJ, una spettrale sfera luminosa da discoteca, un ascensore che si capovolge, un giradischi magico e un divano a forma di bara.\" \/>\n<meta property=\"og:url\" content=\"https:\/\/fantabimbi.com\/en\/product\/pinypon-terrific-mansion\/\" \/>\n<meta property=\"og:site_name\" content=\"FantaBimbi\" \/>\n<meta property=\"article:publisher\" content=\"https:\/\/www.facebook.com\/profile.php?id=100064145347457\" \/>\n<meta property=\"article:modified_time\" content=\"2025-11-07T17:09:44+00:00\" \/>\n<meta property=\"og:image\" content=\"https:\/\/fantabimbi.com\/wp-content\/uploads\/2025\/11\/3df037e1-98c5-4aea-b057-4251df1699f5.jpg\" \/>\n\t<meta property=\"og:image:width\" content=\"991\" \/>\n\t<meta property=\"og:image:height\" content=\"1600\" \/>\n\t<meta property=\"og:image:type\" content=\"image\/jpeg\" \/>\n<meta name=\"twitter:card\" content=\"summary_large_image\" \/>\n<meta name=\"twitter:label1\" content=\"Estimated reading time\" \/>\n\t<meta name=\"twitter:data1\" content=\"1 minute\" \/>\n<script type=\"application\/ld+json\" class=\"yoast-schema-graph\">{\"@context\":\"https:\\\/\\\/schema.org\",\"@graph\":[{\"@type\":\"WebPage\",\"@id\":\"https:\\\/\\\/fantabimbi.com\\\/product\\\/pinypon-terrific-mansion\\\/\",\"url\":\"https:\\\/\\\/fantabimbi.com\\\/product\\\/pinypon-terrific-mansion\\\/\",\"name\":\"Pinypon, Terrific Mansion - FantaBimbi\",\"isPartOf\":{\"@id\":\"https:\\\/\\\/fantabimbi.com\\\/#website\"},\"primaryImageOfPage\":{\"@id\":\"https:\\\/\\\/fantabimbi.com\\\/product\\\/pinypon-terrific-mansion\\\/#primaryimage\"},\"image\":{\"@id\":\"https:\\\/\\\/fantabimbi.com\\\/product\\\/pinypon-terrific-mansion\\\/#primaryimage\"},\"thumbnailUrl\":\"https:\\\/\\\/fantabimbi.com\\\/wp-content\\\/uploads\\\/2025\\\/11\\\/3df037e1-98c5-4aea-b057-4251df1699f5.jpg\",\"datePublished\":\"2025-11-03T12:18:13+00:00\",\"dateModified\":\"2025-11-07T17:09:44+00:00\",\"description\":\"Una casa magica piena di sorprese per gli amanti dell'horror. Include un sarcofago che si trasforma in un tavolo da DJ, una spettrale sfera luminosa da discoteca, un ascensore che si capovolge, un giradischi magico e un divano a forma di bara.\",\"breadcrumb\":{\"@id\":\"https:\\\/\\\/fantabimbi.com\\\/product\\\/pinypon-terrific-mansion\\\/#breadcrumb\"},\"inLanguage\":\"en-GB\",\"potentialAction\":[{\"@type\":\"ReadAction\",\"target\":[\"https:\\\/\\\/fantabimbi.com\\\/product\\\/pinypon-terrific-mansion\\\/\"]}]},{\"@type\":\"ImageObject\",\"inLanguage\":\"en-GB\",\"@id\":\"https:\\\/\\\/fantabimbi.com\\\/product\\\/pinypon-terrific-mansion\\\/#primaryimage\",\"url\":\"https:\\\/\\\/fantabimbi.com\\\/wp-content\\\/uploads\\\/2025\\\/11\\\/3df037e1-98c5-4aea-b057-4251df1699f5.jpg\",\"contentUrl\":\"https:\\\/\\\/fantabimbi.com\\\/wp-content\\\/uploads\\\/2025\\\/11\\\/3df037e1-98c5-4aea-b057-4251df1699f5.jpg\",\"width\":991,\"height\":1600},{\"@type\":\"BreadcrumbList\",\"@id\":\"https:\\\/\\\/fantabimbi.com\\\/product\\\/pinypon-terrific-mansion\\\/#breadcrumb\",\"itemListElement\":[{\"@type\":\"ListItem\",\"position\":1,\"name\":\"Home\",\"item\":\"https:\\\/\\\/fantabimbi.com\\\/\"},{\"@type\":\"ListItem\",\"position\":2,\"name\":\"Negozio\",\"item\":\"https:\\\/\\\/fantabimbi.com\\\/shop\\\/\"},{\"@type\":\"ListItem\",\"position\":3,\"name\":\"Pinypon, Terrific Mansion\"}]},{\"@type\":\"WebSite\",\"@id\":\"https:\\\/\\\/fantabimbi.com\\\/#website\",\"url\":\"https:\\\/\\\/fantabimbi.com\\\/\",\"name\":\"FantaBimbi\",\"description\":\"\",\"publisher\":{\"@id\":\"https:\\\/\\\/fantabimbi.com\\\/#organization\"},\"potentialAction\":[{\"@type\":\"SearchAction\",\"target\":{\"@type\":\"EntryPoint\",\"urlTemplate\":\"https:\\\/\\\/fantabimbi.com\\\/?s={search_term_string}\"},\"query-input\":{\"@type\":\"PropertyValueSpecification\",\"valueRequired\":true,\"valueName\":\"search_term_string\"}}],\"inLanguage\":\"en-GB\"},{\"@type\":\"Organization\",\"@id\":\"https:\\\/\\\/fantabimbi.com\\\/#organization\",\"name\":\"FantaBimbi\",\"url\":\"https:\\\/\\\/fantabimbi.com\\\/\",\"logo\":{\"@type\":\"ImageObject\",\"inLanguage\":\"en-GB\",\"@id\":\"https:\\\/\\\/fantabimbi.com\\\/#\\\/schema\\\/logo\\\/image\\\/\",\"url\":\"https:\\\/\\\/fantabimbi.com\\\/wp-content\\\/uploads\\\/2025\\\/10\\\/fantabimbi.png\",\"contentUrl\":\"https:\\\/\\\/fantabimbi.com\\\/wp-content\\\/uploads\\\/2025\\\/10\\\/fantabimbi.png\",\"width\":2302,\"height\":671,\"caption\":\"FantaBimbi\"},\"image\":{\"@id\":\"https:\\\/\\\/fantabimbi.com\\\/#\\\/schema\\\/logo\\\/image\\\/\"},\"sameAs\":[\"https:\\\/\\\/www.facebook.com\\\/profile.php?id=100064145347457\"]}]}<\/script>\n<!-- \/ Yoast SEO plugin. -->","yoast_head_json":{"title":"Pinypon, Terrific Mansion - FantaBimbi","description":"Una casa magica piena di sorprese per gli amanti dell'horror. Include un sarcofago che si trasforma in un tavolo da DJ, una spettrale sfera luminosa da discoteca, un ascensore che si capovolge, un giradischi magico e un divano a forma di bara.","robots":{"index":"index","follow":"follow","max-snippet":"max-snippet:-1","max-image-preview":"max-image-preview:large","max-video-preview":"max-video-preview:-1"},"canonical":"https:\/\/fantabimbi.com\/en\/product\/pinypon-terrific-mansion\/","og_locale":"en_GB","og_type":"article","og_title":"Pinypon, Terrific Mansion - FantaBimbi","og_description":"Una casa magica piena di sorprese per gli amanti dell'horror. Include un sarcofago che si trasforma in un tavolo da DJ, una spettrale sfera luminosa da discoteca, un ascensore che si capovolge, un giradischi magico e un divano a forma di bara.","og_url":"https:\/\/fantabimbi.com\/en\/product\/pinypon-terrific-mansion\/","og_site_name":"FantaBimbi","article_publisher":"https:\/\/www.facebook.com\/profile.php?id=100064145347457","article_modified_time":"2025-11-07T17:09:44+00:00","og_image":[{"width":991,"height":1600,"url":"https:\/\/fantabimbi.com\/wp-content\/uploads\/2025\/11\/3df037e1-98c5-4aea-b057-4251df1699f5.jpg","type":"image\/jpeg"}],"twitter_card":"summary_large_image","twitter_misc":{"Estimated reading time":"1 minute"},"schema":{"@context":"https:\/\/schema.org","@graph":[{"@type":"WebPage","@id":"https:\/\/fantabimbi.com\/product\/pinypon-terrific-mansion\/","url":"https:\/\/fantabimbi.com\/product\/pinypon-terrific-mansion\/","name":"Pinypon, Terrific Mansion - FantaBimbi","isPartOf":{"@id":"https:\/\/fantabimbi.com\/#website"},"primaryImageOfPage":{"@id":"https:\/\/fantabimbi.com\/product\/pinypon-terrific-mansion\/#primaryimage"},"image":{"@id":"https:\/\/fantabimbi.com\/product\/pinypon-terrific-mansion\/#primaryimage"},"thumbnailUrl":"https:\/\/fantabimbi.com\/wp-content\/uploads\/2025\/11\/3df037e1-98c5-4aea-b057-4251df1699f5.jpg","datePublished":"2025-11-03T12:18:13+00:00","dateModified":"2025-11-07T17:09:44+00:00","description":"Una casa magica piena di sorprese per gli amanti dell'horror. Include un sarcofago che si trasforma in un tavolo da DJ, una spettrale sfera luminosa da discoteca, un ascensore che si capovolge, un giradischi magico e un divano a forma di bara.","breadcrumb":{"@id":"https:\/\/fantabimbi.com\/product\/pinypon-terrific-mansion\/#breadcrumb"},"inLanguage":"en-GB","potentialAction":[{"@type":"ReadAction","target":["https:\/\/fantabimbi.com\/product\/pinypon-terrific-mansion\/"]}]},{"@type":"ImageObject","inLanguage":"en-GB","@id":"https:\/\/fantabimbi.com\/product\/pinypon-terrific-mansion\/#primaryimage","url":"https:\/\/fantabimbi.com\/wp-content\/uploads\/2025\/11\/3df037e1-98c5-4aea-b057-4251df1699f5.jpg","contentUrl":"https:\/\/fantabimbi.com\/wp-content\/uploads\/2025\/11\/3df037e1-98c5-4aea-b057-4251df1699f5.jpg","width":991,"height":1600},{"@type":"BreadcrumbList","@id":"https:\/\/fantabimbi.com\/product\/pinypon-terrific-mansion\/#breadcrumb","itemListElement":[{"@type":"ListItem","position":1,"name":"Home","item":"https:\/\/fantabimbi.com\/"},{"@type":"ListItem","position":2,"name":"Negozio","item":"https:\/\/fantabimbi.com\/shop\/"},{"@type":"ListItem","position":3,"name":"Pinypon, Terrific Mansion"}]},{"@type":"WebSite","@id":"https:\/\/fantabimbi.com\/#website","url":"https:\/\/fantabimbi.com\/","name":"FantaBimbi","description":"","publisher":{"@id":"https:\/\/fantabimbi.com\/#organization"},"potentialAction":[{"@type":"SearchAction","target":{"@type":"EntryPoint","urlTemplate":"https:\/\/fantabimbi.com\/?s={search_term_string}"},"query-input":{"@type":"PropertyValueSpecification","valueRequired":true,"valueName":"search_term_string"}}],"inLanguage":"en-GB"},{"@type":"Organization","@id":"https:\/\/fantabimbi.com\/#organization","name":"FantaBimbi","url":"https:\/\/fantabimbi.com\/","logo":{"@type":"ImageObject","inLanguage":"en-GB","@id":"https:\/\/fantabimbi.com\/#\/schema\/logo\/image\/","url":"https:\/\/fantabimbi.com\/wp-content\/uploads\/2025\/10\/fantabimbi.png","contentUrl":"https:\/\/fantabimbi.com\/wp-content\/uploads\/2025\/10\/fantabimbi.png","width":2302,"height":671,"caption":"FantaBimbi"},"image":{"@id":"https:\/\/fantabimbi.com\/#\/schema\/logo\/image\/"},"sameAs":["https:\/\/www.facebook.com\/profile.php?id=100064145347457"]}]}},"_links":{"self":[{"href":"https:\/\/fantabimbi.com\/en\/wp-json\/wp\/v2\/product\/1358","targetHints":{"allow":["GET"]}}],"collection":[{"href":"https:\/\/fantabimbi.com\/en\/wp-json\/wp\/v2\/product"}],"about":[{"href":"https:\/\/fantabimbi.com\/en\/wp-json\/wp\/v2\/types\/product"}],"replies":[{"embeddable":true,"href":"https:\/\/fantabimbi.com\/en\/wp-json\/wp\/v2\/comments?post=1358"}],"wp:featuredmedia":[{"embeddable":true,"href":"https:\/\/fantabimbi.com\/en\/wp-json\/wp\/v2\/media\/1359"}],"wp:attachment":[{"href":"https:\/\/fantabimbi.com\/en\/wp-json\/wp\/v2\/media?parent=1358"}],"wp:term":[{"taxonomy":"product_brand","embeddable":true,"href":"https:\/\/fantabimbi.com\/en\/wp-json\/wp\/v2\/product_brand?post=1358"},{"taxonomy":"product_cat","embeddable":true,"href":"https:\/\/fantabimbi.com\/en\/wp-json\/wp\/v2\/product_cat?post=1358"},{"taxonomy":"product_tag","embeddable":true,"href":"https:\/\/fantabimbi.com\/en\/wp-json\/wp\/v2\/product_tag?post=1358"}],"curies":[{"name":"wp","href":"https:\/\/api.w.org\/{rel}","templated":true}]}}