{"id":1459,"date":"2025-11-03T14:51:05","date_gmt":"2025-11-03T14:51:05","guid":{"rendered":"https:\/\/fantabimbi.com\/?post_type=product&#038;p=1459"},"modified":"2025-11-07T16:41:39","modified_gmt":"2025-11-07T16:41:39","slug":"gormiti-the-new-era-gormita-del-clan-dellacqua-aqu-carter","status":"publish","type":"product","link":"https:\/\/fantabimbi.com\/en\/product\/gormiti-the-new-era-gormita-del-clan-dellacqua-aqu-carter\/","title":{"rendered":"GORMITI THE NEW ERA, Gormita Del Clan Dell&#8217;Acqua Aqu Carter"},"content":{"rendered":"<ul>\n<li id=\"title\" class=\"a-size-large a-spacing-none\"><span id=\"productTitle\" class=\"a-size-large product-title-word-break\">GORMITI THE NEW ERA &#8211; Gormita Del Clan Dell&#8217;Acqua Aqu Carter, Action Figure 15 Cm Articolato, Eroe Con Armatura Blu Azzurra E Accessorio Scudo Di Ghiaccio, Per Bambini A Partire Dai 3 Anni. (8056379174585)<\/span><\/li>\n<li class=\"a-spacing-mini\"><span class=\"a-list-item\">Action figure dettagliata e altamente realistica alta 15 cm, che ritrae fedelmente Gormita Aqu Carter della serie tv<\/span><\/li>\n<li class=\"a-spacing-mini\"><span class=\"a-list-item\">Il personaggio \u00e8 dotato di nove punti di articolazione, consentendo di posizionarlo in una variet\u00e0 di pose dinamiche per esprimere la loro personalit\u00e0 e potenza.<\/span><\/li>\n<li class=\"a-spacing-mini\"><span class=\"a-list-item\">Accessori personalizzati: Ogni personaggio \u00e8 dotato di un accessorio personalizzato che rappresenta l&#8217;arma iconica del Gormita<\/span><\/li>\n<li class=\"a-spacing-mini\"><span class=\"a-list-item\">I dettagli ti consentono di immergerti completamente nel mondo della serie, creando avventure e battaglie epiche.<\/span><\/li>\n<li class=\"a-spacing-mini\"><span class=\"a-list-item\">Con 4 modelli disponibili, puoi collezionare tutti i Gormiti della serie tv!<\/span><\/li>\n<\/ul>","protected":false},"excerpt":{"rendered":"<p>GORMITI THE NEW ERA &#8211; Gormita Del Clan Dell&#8217;Acqua Aqu Carter, Action Figure 15 Cm Articolato, Eroe Con Armatura Blu<\/p>","protected":false},"featured_media":1460,"comment_status":"open","ping_status":"closed","template":"","meta":[],"product_brand":[61],"product_cat":[22,51],"product_tag":[],"class_list":{"0":"post-1459","1":"product","2":"type-product","3":"status-publish","4":"has-post-thumbnail","6":"product_brand-gormiti","7":"product_cat-action-figure","8":"product_cat-games-for-children","10":"first","11":"instock","12":"taxable","13":"shipping-taxable","14":"purchasable","15":"product-type-simple"},"yoast_head":"<!-- This site is optimized with the Yoast SEO plugin v27.3 - https:\/\/yoast.com\/product\/yoast-seo-wordpress\/ -->\n<title>GORMITI THE NEW ERA, Gormita Del Clan Dell&#039;Acqua Aqu Carter - FantaBimbi<\/title>\n<meta name=\"description\" content=\"Action figure dettagliata e altamente realistica alta 15 cm, che ritrae fedelmente Gormita Aqu Carter della serie tvIl personaggio \u00e8 dotato di nove punti di articolazione, consentendo di posizionarlo in una variet\u00e0 di pose dinamiche per esprimere la loro personalit\u00e0 e potenza.\" \/>\n<meta name=\"robots\" content=\"index, follow, max-snippet:-1, max-image-preview:large, max-video-preview:-1\" \/>\n<link rel=\"canonical\" href=\"https:\/\/fantabimbi.com\/en\/product\/gormiti-the-new-era-gormita-del-clan-dellacqua-aqu-carter\/\" \/>\n<meta property=\"og:locale\" content=\"en_GB\" \/>\n<meta property=\"og:type\" content=\"article\" \/>\n<meta property=\"og:title\" content=\"GORMITI THE NEW ERA, Gormita Del Clan Dell&#039;Acqua Aqu Carter - FantaBimbi\" \/>\n<meta property=\"og:description\" content=\"Action figure dettagliata e altamente realistica alta 15 cm, che ritrae fedelmente Gormita Aqu Carter della serie tvIl personaggio \u00e8 dotato di nove punti di articolazione, consentendo di posizionarlo in una variet\u00e0 di pose dinamiche per esprimere la loro personalit\u00e0 e potenza.\" \/>\n<meta property=\"og:url\" content=\"https:\/\/fantabimbi.com\/en\/product\/gormiti-the-new-era-gormita-del-clan-dellacqua-aqu-carter\/\" \/>\n<meta property=\"og:site_name\" content=\"FantaBimbi\" \/>\n<meta property=\"article:publisher\" content=\"https:\/\/www.facebook.com\/profile.php?id=100064145347457\" \/>\n<meta property=\"article:modified_time\" content=\"2025-11-07T16:41:39+00:00\" \/>\n<meta property=\"og:image\" content=\"https:\/\/fantabimbi.com\/wp-content\/uploads\/2025\/11\/ccd7165a-bc35-40dc-8de4-054cabfa6efb.jpg\" \/>\n\t<meta property=\"og:image:width\" content=\"958\" \/>\n\t<meta property=\"og:image:height\" content=\"1600\" \/>\n\t<meta property=\"og:image:type\" content=\"image\/jpeg\" \/>\n<meta name=\"twitter:card\" content=\"summary_large_image\" \/>\n<meta name=\"twitter:label1\" content=\"Estimated reading time\" \/>\n\t<meta name=\"twitter:data1\" content=\"1 minute\" \/>\n<script type=\"application\/ld+json\" class=\"yoast-schema-graph\">{\"@context\":\"https:\\\/\\\/schema.org\",\"@graph\":[{\"@type\":\"WebPage\",\"@id\":\"https:\\\/\\\/fantabimbi.com\\\/product\\\/gormiti-the-new-era-gormita-del-clan-dellacqua-aqu-carter\\\/\",\"url\":\"https:\\\/\\\/fantabimbi.com\\\/product\\\/gormiti-the-new-era-gormita-del-clan-dellacqua-aqu-carter\\\/\",\"name\":\"GORMITI THE NEW ERA, Gormita Del Clan Dell'Acqua Aqu Carter - FantaBimbi\",\"isPartOf\":{\"@id\":\"https:\\\/\\\/fantabimbi.com\\\/#website\"},\"primaryImageOfPage\":{\"@id\":\"https:\\\/\\\/fantabimbi.com\\\/product\\\/gormiti-the-new-era-gormita-del-clan-dellacqua-aqu-carter\\\/#primaryimage\"},\"image\":{\"@id\":\"https:\\\/\\\/fantabimbi.com\\\/product\\\/gormiti-the-new-era-gormita-del-clan-dellacqua-aqu-carter\\\/#primaryimage\"},\"thumbnailUrl\":\"https:\\\/\\\/fantabimbi.com\\\/wp-content\\\/uploads\\\/2025\\\/11\\\/ccd7165a-bc35-40dc-8de4-054cabfa6efb.jpg\",\"datePublished\":\"2025-11-03T14:51:05+00:00\",\"dateModified\":\"2025-11-07T16:41:39+00:00\",\"description\":\"Action figure dettagliata e altamente realistica alta 15 cm, che ritrae fedelmente Gormita Aqu Carter della serie tvIl personaggio \u00e8 dotato di nove punti di articolazione, consentendo di posizionarlo in una variet\u00e0 di pose dinamiche per esprimere la loro personalit\u00e0 e potenza.\",\"breadcrumb\":{\"@id\":\"https:\\\/\\\/fantabimbi.com\\\/product\\\/gormiti-the-new-era-gormita-del-clan-dellacqua-aqu-carter\\\/#breadcrumb\"},\"inLanguage\":\"en-GB\",\"potentialAction\":[{\"@type\":\"ReadAction\",\"target\":[\"https:\\\/\\\/fantabimbi.com\\\/product\\\/gormiti-the-new-era-gormita-del-clan-dellacqua-aqu-carter\\\/\"]}]},{\"@type\":\"ImageObject\",\"inLanguage\":\"en-GB\",\"@id\":\"https:\\\/\\\/fantabimbi.com\\\/product\\\/gormiti-the-new-era-gormita-del-clan-dellacqua-aqu-carter\\\/#primaryimage\",\"url\":\"https:\\\/\\\/fantabimbi.com\\\/wp-content\\\/uploads\\\/2025\\\/11\\\/ccd7165a-bc35-40dc-8de4-054cabfa6efb.jpg\",\"contentUrl\":\"https:\\\/\\\/fantabimbi.com\\\/wp-content\\\/uploads\\\/2025\\\/11\\\/ccd7165a-bc35-40dc-8de4-054cabfa6efb.jpg\",\"width\":958,\"height\":1600},{\"@type\":\"BreadcrumbList\",\"@id\":\"https:\\\/\\\/fantabimbi.com\\\/product\\\/gormiti-the-new-era-gormita-del-clan-dellacqua-aqu-carter\\\/#breadcrumb\",\"itemListElement\":[{\"@type\":\"ListItem\",\"position\":1,\"name\":\"Home\",\"item\":\"https:\\\/\\\/fantabimbi.com\\\/\"},{\"@type\":\"ListItem\",\"position\":2,\"name\":\"Negozio\",\"item\":\"https:\\\/\\\/fantabimbi.com\\\/shop\\\/\"},{\"@type\":\"ListItem\",\"position\":3,\"name\":\"GORMITI THE NEW ERA, Gormita Del Clan Dell&#8217;Acqua Aqu Carter\"}]},{\"@type\":\"WebSite\",\"@id\":\"https:\\\/\\\/fantabimbi.com\\\/#website\",\"url\":\"https:\\\/\\\/fantabimbi.com\\\/\",\"name\":\"FantaBimbi\",\"description\":\"\",\"publisher\":{\"@id\":\"https:\\\/\\\/fantabimbi.com\\\/#organization\"},\"potentialAction\":[{\"@type\":\"SearchAction\",\"target\":{\"@type\":\"EntryPoint\",\"urlTemplate\":\"https:\\\/\\\/fantabimbi.com\\\/?s={search_term_string}\"},\"query-input\":{\"@type\":\"PropertyValueSpecification\",\"valueRequired\":true,\"valueName\":\"search_term_string\"}}],\"inLanguage\":\"en-GB\"},{\"@type\":\"Organization\",\"@id\":\"https:\\\/\\\/fantabimbi.com\\\/#organization\",\"name\":\"FantaBimbi\",\"url\":\"https:\\\/\\\/fantabimbi.com\\\/\",\"logo\":{\"@type\":\"ImageObject\",\"inLanguage\":\"en-GB\",\"@id\":\"https:\\\/\\\/fantabimbi.com\\\/#\\\/schema\\\/logo\\\/image\\\/\",\"url\":\"https:\\\/\\\/fantabimbi.com\\\/wp-content\\\/uploads\\\/2025\\\/10\\\/fantabimbi.png\",\"contentUrl\":\"https:\\\/\\\/fantabimbi.com\\\/wp-content\\\/uploads\\\/2025\\\/10\\\/fantabimbi.png\",\"width\":2302,\"height\":671,\"caption\":\"FantaBimbi\"},\"image\":{\"@id\":\"https:\\\/\\\/fantabimbi.com\\\/#\\\/schema\\\/logo\\\/image\\\/\"},\"sameAs\":[\"https:\\\/\\\/www.facebook.com\\\/profile.php?id=100064145347457\"]}]}<\/script>\n<!-- \/ Yoast SEO plugin. -->","yoast_head_json":{"title":"GORMITI THE NEW ERA, Gormita Del Clan Dell'Acqua Aqu Carter - FantaBimbi","description":"Action figure dettagliata e altamente realistica alta 15 cm, che ritrae fedelmente Gormita Aqu Carter della serie tvIl personaggio \u00e8 dotato di nove punti di articolazione, consentendo di posizionarlo in una variet\u00e0 di pose dinamiche per esprimere la loro personalit\u00e0 e potenza.","robots":{"index":"index","follow":"follow","max-snippet":"max-snippet:-1","max-image-preview":"max-image-preview:large","max-video-preview":"max-video-preview:-1"},"canonical":"https:\/\/fantabimbi.com\/en\/product\/gormiti-the-new-era-gormita-del-clan-dellacqua-aqu-carter\/","og_locale":"en_GB","og_type":"article","og_title":"GORMITI THE NEW ERA, Gormita Del Clan Dell'Acqua Aqu Carter - FantaBimbi","og_description":"Action figure dettagliata e altamente realistica alta 15 cm, che ritrae fedelmente Gormita Aqu Carter della serie tvIl personaggio \u00e8 dotato di nove punti di articolazione, consentendo di posizionarlo in una variet\u00e0 di pose dinamiche per esprimere la loro personalit\u00e0 e potenza.","og_url":"https:\/\/fantabimbi.com\/en\/product\/gormiti-the-new-era-gormita-del-clan-dellacqua-aqu-carter\/","og_site_name":"FantaBimbi","article_publisher":"https:\/\/www.facebook.com\/profile.php?id=100064145347457","article_modified_time":"2025-11-07T16:41:39+00:00","og_image":[{"width":958,"height":1600,"url":"https:\/\/fantabimbi.com\/wp-content\/uploads\/2025\/11\/ccd7165a-bc35-40dc-8de4-054cabfa6efb.jpg","type":"image\/jpeg"}],"twitter_card":"summary_large_image","twitter_misc":{"Estimated reading time":"1 minute"},"schema":{"@context":"https:\/\/schema.org","@graph":[{"@type":"WebPage","@id":"https:\/\/fantabimbi.com\/product\/gormiti-the-new-era-gormita-del-clan-dellacqua-aqu-carter\/","url":"https:\/\/fantabimbi.com\/product\/gormiti-the-new-era-gormita-del-clan-dellacqua-aqu-carter\/","name":"GORMITI THE NEW ERA, Gormita Del Clan Dell'Acqua Aqu Carter - FantaBimbi","isPartOf":{"@id":"https:\/\/fantabimbi.com\/#website"},"primaryImageOfPage":{"@id":"https:\/\/fantabimbi.com\/product\/gormiti-the-new-era-gormita-del-clan-dellacqua-aqu-carter\/#primaryimage"},"image":{"@id":"https:\/\/fantabimbi.com\/product\/gormiti-the-new-era-gormita-del-clan-dellacqua-aqu-carter\/#primaryimage"},"thumbnailUrl":"https:\/\/fantabimbi.com\/wp-content\/uploads\/2025\/11\/ccd7165a-bc35-40dc-8de4-054cabfa6efb.jpg","datePublished":"2025-11-03T14:51:05+00:00","dateModified":"2025-11-07T16:41:39+00:00","description":"Action figure dettagliata e altamente realistica alta 15 cm, che ritrae fedelmente Gormita Aqu Carter della serie tvIl personaggio \u00e8 dotato di nove punti di articolazione, consentendo di posizionarlo in una variet\u00e0 di pose dinamiche per esprimere la loro personalit\u00e0 e potenza.","breadcrumb":{"@id":"https:\/\/fantabimbi.com\/product\/gormiti-the-new-era-gormita-del-clan-dellacqua-aqu-carter\/#breadcrumb"},"inLanguage":"en-GB","potentialAction":[{"@type":"ReadAction","target":["https:\/\/fantabimbi.com\/product\/gormiti-the-new-era-gormita-del-clan-dellacqua-aqu-carter\/"]}]},{"@type":"ImageObject","inLanguage":"en-GB","@id":"https:\/\/fantabimbi.com\/product\/gormiti-the-new-era-gormita-del-clan-dellacqua-aqu-carter\/#primaryimage","url":"https:\/\/fantabimbi.com\/wp-content\/uploads\/2025\/11\/ccd7165a-bc35-40dc-8de4-054cabfa6efb.jpg","contentUrl":"https:\/\/fantabimbi.com\/wp-content\/uploads\/2025\/11\/ccd7165a-bc35-40dc-8de4-054cabfa6efb.jpg","width":958,"height":1600},{"@type":"BreadcrumbList","@id":"https:\/\/fantabimbi.com\/product\/gormiti-the-new-era-gormita-del-clan-dellacqua-aqu-carter\/#breadcrumb","itemListElement":[{"@type":"ListItem","position":1,"name":"Home","item":"https:\/\/fantabimbi.com\/"},{"@type":"ListItem","position":2,"name":"Negozio","item":"https:\/\/fantabimbi.com\/shop\/"},{"@type":"ListItem","position":3,"name":"GORMITI THE NEW ERA, Gormita Del Clan Dell&#8217;Acqua Aqu Carter"}]},{"@type":"WebSite","@id":"https:\/\/fantabimbi.com\/#website","url":"https:\/\/fantabimbi.com\/","name":"FantaBimbi","description":"","publisher":{"@id":"https:\/\/fantabimbi.com\/#organization"},"potentialAction":[{"@type":"SearchAction","target":{"@type":"EntryPoint","urlTemplate":"https:\/\/fantabimbi.com\/?s={search_term_string}"},"query-input":{"@type":"PropertyValueSpecification","valueRequired":true,"valueName":"search_term_string"}}],"inLanguage":"en-GB"},{"@type":"Organization","@id":"https:\/\/fantabimbi.com\/#organization","name":"FantaBimbi","url":"https:\/\/fantabimbi.com\/","logo":{"@type":"ImageObject","inLanguage":"en-GB","@id":"https:\/\/fantabimbi.com\/#\/schema\/logo\/image\/","url":"https:\/\/fantabimbi.com\/wp-content\/uploads\/2025\/10\/fantabimbi.png","contentUrl":"https:\/\/fantabimbi.com\/wp-content\/uploads\/2025\/10\/fantabimbi.png","width":2302,"height":671,"caption":"FantaBimbi"},"image":{"@id":"https:\/\/fantabimbi.com\/#\/schema\/logo\/image\/"},"sameAs":["https:\/\/www.facebook.com\/profile.php?id=100064145347457"]}]}},"_links":{"self":[{"href":"https:\/\/fantabimbi.com\/en\/wp-json\/wp\/v2\/product\/1459","targetHints":{"allow":["GET"]}}],"collection":[{"href":"https:\/\/fantabimbi.com\/en\/wp-json\/wp\/v2\/product"}],"about":[{"href":"https:\/\/fantabimbi.com\/en\/wp-json\/wp\/v2\/types\/product"}],"replies":[{"embeddable":true,"href":"https:\/\/fantabimbi.com\/en\/wp-json\/wp\/v2\/comments?post=1459"}],"wp:featuredmedia":[{"embeddable":true,"href":"https:\/\/fantabimbi.com\/en\/wp-json\/wp\/v2\/media\/1460"}],"wp:attachment":[{"href":"https:\/\/fantabimbi.com\/en\/wp-json\/wp\/v2\/media?parent=1459"}],"wp:term":[{"taxonomy":"product_brand","embeddable":true,"href":"https:\/\/fantabimbi.com\/en\/wp-json\/wp\/v2\/product_brand?post=1459"},{"taxonomy":"product_cat","embeddable":true,"href":"https:\/\/fantabimbi.com\/en\/wp-json\/wp\/v2\/product_cat?post=1459"},{"taxonomy":"product_tag","embeddable":true,"href":"https:\/\/fantabimbi.com\/en\/wp-json\/wp\/v2\/product_tag?post=1459"}],"curies":[{"name":"wp","href":"https:\/\/api.w.org\/{rel}","templated":true}]}}