{"id":1788,"date":"2025-11-05T15:24:25","date_gmt":"2025-11-05T15:24:25","guid":{"rendered":"https:\/\/fantabimbi.com\/?post_type=product&#038;p=1788"},"modified":"2025-11-07T14:49:45","modified_gmt":"2025-11-07T14:49:45","slug":"hasbro-gaming-monopoly-junior","status":"publish","type":"product","link":"https:\/\/fantabimbi.com\/en\/product\/hasbro-gaming-monopoly-junior\/","title":{"rendered":"Hasbro Gaming Monopoly Junior"},"content":{"rendered":"<ul class=\"a-unordered-list a-vertical a-spacing-mini\">\n<li class=\"a-spacing-mini\"><span class=\"a-list-item\"><span class=\"a-list-item\">GIOCO MONOPOLY 2 IN 1: il gioco di contrattazione che cresce con i tuoi figli! Monopoly Junior \u00e8 il gioco da tavolo che offre un doppio divertimento grazie a un tabellone fronte-retro che include 2 giochi Monopoly e 2 livelli di gioco. (5010996134820)<\/span><\/span><\/li>\n<li class=\"a-spacing-mini\"><span class=\"a-list-item\">GIOCO PER BAMBINI E BAMBINE PI\u00d9 PICCOLI: fai scoprire ai pi\u00f9 piccoli l&#8217;iconico gioco da tavolo Monopoly. La modalit\u00e0 di gioco \u00e8 rapida e semplificata, i luoghi sono adatti ai pi\u00f9 piccoli e ci sono anche 6 adorabili pedine.<\/span><\/li>\n<li class=\"a-spacing-mini\"><span class=\"a-list-item\">2 LIVELLI DI GIOCO PER UN DIVERTIMENTO CHE CRESCE CON I TUOI PICCOLI: scegli tra 2 livelli di gioco: il livello 1 per i bambini e bambine di 4-5 anni o il livello 2, dai 6 anni in su. Ogni livello contiene banconote e carte Monopoly.<\/span><\/li>\n<li class=\"a-spacing-mini\"><span class=\"a-list-item\">ESERCITATI A CONTARE E ABBINARE: nel livello 1 di questo divertimento multiplayer, bambini e bambine si divertiranno a contare le caselle e abbinare le figure spostandosi sul tabellone per acquistare le propriet\u00e0. Vince chi possiede pi\u00f9 propriet\u00e0.<\/span><\/li>\n<li class=\"a-spacing-mini\"><span class=\"a-list-item\">ESERCITA LA LETTURA E CONCETTI BASE DI MATEMATICA: il livello 2 stimola bambini e bambine a esercitarsi nella lettura e su concetti base di matematica. Possono divertirsi a contare e accumulare denaro Monopoly. Vince chi possiede pi\u00f9 denaro.<\/span><\/li>\n<\/ul>","protected":false},"excerpt":{"rendered":"<p>GIOCO MONOPOLY 2 IN 1: il gioco di contrattazione che cresce con i tuoi figli! Monopoly Junior \u00e8 il gioco<\/p>","protected":false},"featured_media":1789,"comment_status":"open","ping_status":"closed","template":"","meta":[],"product_brand":[],"product_cat":[17,51],"product_tag":[],"class_list":{"0":"post-1788","1":"product","2":"type-product","3":"status-publish","4":"has-post-thumbnail","6":"product_cat-party-games","7":"product_cat-games-for-children","9":"first","10":"instock","11":"taxable","12":"shipping-taxable","13":"purchasable","14":"product-type-simple"},"yoast_head":"<!-- This site is optimized with the Yoast SEO plugin v27.3 - https:\/\/yoast.com\/product\/yoast-seo-wordpress\/ -->\n<title>Hasbro Gaming Monopoly Junior - FantaBimbi<\/title>\n<meta name=\"description\" content=\"GIOCO PER BAMBINI E BAMBINE PI\u00d9 PICCOLI: fai scoprire ai pi\u00f9 piccoli l&#039;iconico gioco da tavolo Monopoly. La modalit\u00e0 di gioco \u00e8 rapida e semplificata.\" \/>\n<meta name=\"robots\" content=\"index, follow, max-snippet:-1, max-image-preview:large, max-video-preview:-1\" \/>\n<link rel=\"canonical\" href=\"https:\/\/fantabimbi.com\/en\/product\/hasbro-gaming-monopoly-junior\/\" \/>\n<meta property=\"og:locale\" content=\"en_GB\" \/>\n<meta property=\"og:type\" content=\"article\" \/>\n<meta property=\"og:title\" content=\"Hasbro Gaming Monopoly Junior - FantaBimbi\" \/>\n<meta property=\"og:description\" content=\"GIOCO PER BAMBINI E BAMBINE PI\u00d9 PICCOLI: fai scoprire ai pi\u00f9 piccoli l&#039;iconico gioco da tavolo Monopoly. La modalit\u00e0 di gioco \u00e8 rapida e semplificata.\" \/>\n<meta property=\"og:url\" content=\"https:\/\/fantabimbi.com\/en\/product\/hasbro-gaming-monopoly-junior\/\" \/>\n<meta property=\"og:site_name\" content=\"FantaBimbi\" \/>\n<meta property=\"article:publisher\" content=\"https:\/\/www.facebook.com\/profile.php?id=100064145347457\" \/>\n<meta property=\"article:modified_time\" content=\"2025-11-07T14:49:45+00:00\" \/>\n<meta property=\"og:image\" content=\"https:\/\/fantabimbi.com\/wp-content\/uploads\/2025\/11\/e586f019-91db-4727-8c02-79683de55fab.jpg\" \/>\n\t<meta property=\"og:image:width\" content=\"957\" \/>\n\t<meta property=\"og:image:height\" content=\"1600\" \/>\n\t<meta property=\"og:image:type\" content=\"image\/jpeg\" \/>\n<meta name=\"twitter:card\" content=\"summary_large_image\" \/>\n<meta name=\"twitter:label1\" content=\"Estimated reading time\" \/>\n\t<meta name=\"twitter:data1\" content=\"2 minutes\" \/>\n<script type=\"application\/ld+json\" class=\"yoast-schema-graph\">{\"@context\":\"https:\\\/\\\/schema.org\",\"@graph\":[{\"@type\":\"WebPage\",\"@id\":\"https:\\\/\\\/fantabimbi.com\\\/product\\\/hasbro-gaming-monopoly-junior\\\/\",\"url\":\"https:\\\/\\\/fantabimbi.com\\\/product\\\/hasbro-gaming-monopoly-junior\\\/\",\"name\":\"Hasbro Gaming Monopoly Junior - FantaBimbi\",\"isPartOf\":{\"@id\":\"https:\\\/\\\/fantabimbi.com\\\/#website\"},\"primaryImageOfPage\":{\"@id\":\"https:\\\/\\\/fantabimbi.com\\\/product\\\/hasbro-gaming-monopoly-junior\\\/#primaryimage\"},\"image\":{\"@id\":\"https:\\\/\\\/fantabimbi.com\\\/product\\\/hasbro-gaming-monopoly-junior\\\/#primaryimage\"},\"thumbnailUrl\":\"https:\\\/\\\/fantabimbi.com\\\/wp-content\\\/uploads\\\/2025\\\/11\\\/e586f019-91db-4727-8c02-79683de55fab.jpg\",\"datePublished\":\"2025-11-05T15:24:25+00:00\",\"dateModified\":\"2025-11-07T14:49:45+00:00\",\"description\":\"GIOCO PER BAMBINI E BAMBINE PI\u00d9 PICCOLI: fai scoprire ai pi\u00f9 piccoli l'iconico gioco da tavolo Monopoly. La modalit\u00e0 di gioco \u00e8 rapida e semplificata.\",\"breadcrumb\":{\"@id\":\"https:\\\/\\\/fantabimbi.com\\\/product\\\/hasbro-gaming-monopoly-junior\\\/#breadcrumb\"},\"inLanguage\":\"en-GB\",\"potentialAction\":[{\"@type\":\"ReadAction\",\"target\":[\"https:\\\/\\\/fantabimbi.com\\\/product\\\/hasbro-gaming-monopoly-junior\\\/\"]}]},{\"@type\":\"ImageObject\",\"inLanguage\":\"en-GB\",\"@id\":\"https:\\\/\\\/fantabimbi.com\\\/product\\\/hasbro-gaming-monopoly-junior\\\/#primaryimage\",\"url\":\"https:\\\/\\\/fantabimbi.com\\\/wp-content\\\/uploads\\\/2025\\\/11\\\/e586f019-91db-4727-8c02-79683de55fab.jpg\",\"contentUrl\":\"https:\\\/\\\/fantabimbi.com\\\/wp-content\\\/uploads\\\/2025\\\/11\\\/e586f019-91db-4727-8c02-79683de55fab.jpg\",\"width\":957,\"height\":1600},{\"@type\":\"BreadcrumbList\",\"@id\":\"https:\\\/\\\/fantabimbi.com\\\/product\\\/hasbro-gaming-monopoly-junior\\\/#breadcrumb\",\"itemListElement\":[{\"@type\":\"ListItem\",\"position\":1,\"name\":\"Home\",\"item\":\"https:\\\/\\\/fantabimbi.com\\\/\"},{\"@type\":\"ListItem\",\"position\":2,\"name\":\"Negozio\",\"item\":\"https:\\\/\\\/fantabimbi.com\\\/shop\\\/\"},{\"@type\":\"ListItem\",\"position\":3,\"name\":\"Hasbro Gaming Monopoly Junior\"}]},{\"@type\":\"WebSite\",\"@id\":\"https:\\\/\\\/fantabimbi.com\\\/#website\",\"url\":\"https:\\\/\\\/fantabimbi.com\\\/\",\"name\":\"FantaBimbi\",\"description\":\"\",\"publisher\":{\"@id\":\"https:\\\/\\\/fantabimbi.com\\\/#organization\"},\"potentialAction\":[{\"@type\":\"SearchAction\",\"target\":{\"@type\":\"EntryPoint\",\"urlTemplate\":\"https:\\\/\\\/fantabimbi.com\\\/?s={search_term_string}\"},\"query-input\":{\"@type\":\"PropertyValueSpecification\",\"valueRequired\":true,\"valueName\":\"search_term_string\"}}],\"inLanguage\":\"en-GB\"},{\"@type\":\"Organization\",\"@id\":\"https:\\\/\\\/fantabimbi.com\\\/#organization\",\"name\":\"FantaBimbi\",\"url\":\"https:\\\/\\\/fantabimbi.com\\\/\",\"logo\":{\"@type\":\"ImageObject\",\"inLanguage\":\"en-GB\",\"@id\":\"https:\\\/\\\/fantabimbi.com\\\/#\\\/schema\\\/logo\\\/image\\\/\",\"url\":\"https:\\\/\\\/fantabimbi.com\\\/wp-content\\\/uploads\\\/2025\\\/10\\\/fantabimbi.png\",\"contentUrl\":\"https:\\\/\\\/fantabimbi.com\\\/wp-content\\\/uploads\\\/2025\\\/10\\\/fantabimbi.png\",\"width\":2302,\"height\":671,\"caption\":\"FantaBimbi\"},\"image\":{\"@id\":\"https:\\\/\\\/fantabimbi.com\\\/#\\\/schema\\\/logo\\\/image\\\/\"},\"sameAs\":[\"https:\\\/\\\/www.facebook.com\\\/profile.php?id=100064145347457\"]}]}<\/script>\n<!-- \/ Yoast SEO plugin. -->","yoast_head_json":{"title":"Hasbro Gaming Monopoly Junior - FantaBimbi","description":"GIOCO PER BAMBINI E BAMBINE PI\u00d9 PICCOLI: fai scoprire ai pi\u00f9 piccoli l'iconico gioco da tavolo Monopoly. La modalit\u00e0 di gioco \u00e8 rapida e semplificata.","robots":{"index":"index","follow":"follow","max-snippet":"max-snippet:-1","max-image-preview":"max-image-preview:large","max-video-preview":"max-video-preview:-1"},"canonical":"https:\/\/fantabimbi.com\/en\/product\/hasbro-gaming-monopoly-junior\/","og_locale":"en_GB","og_type":"article","og_title":"Hasbro Gaming Monopoly Junior - FantaBimbi","og_description":"GIOCO PER BAMBINI E BAMBINE PI\u00d9 PICCOLI: fai scoprire ai pi\u00f9 piccoli l'iconico gioco da tavolo Monopoly. La modalit\u00e0 di gioco \u00e8 rapida e semplificata.","og_url":"https:\/\/fantabimbi.com\/en\/product\/hasbro-gaming-monopoly-junior\/","og_site_name":"FantaBimbi","article_publisher":"https:\/\/www.facebook.com\/profile.php?id=100064145347457","article_modified_time":"2025-11-07T14:49:45+00:00","og_image":[{"width":957,"height":1600,"url":"https:\/\/fantabimbi.com\/wp-content\/uploads\/2025\/11\/e586f019-91db-4727-8c02-79683de55fab.jpg","type":"image\/jpeg"}],"twitter_card":"summary_large_image","twitter_misc":{"Estimated reading time":"2 minutes"},"schema":{"@context":"https:\/\/schema.org","@graph":[{"@type":"WebPage","@id":"https:\/\/fantabimbi.com\/product\/hasbro-gaming-monopoly-junior\/","url":"https:\/\/fantabimbi.com\/product\/hasbro-gaming-monopoly-junior\/","name":"Hasbro Gaming Monopoly Junior - FantaBimbi","isPartOf":{"@id":"https:\/\/fantabimbi.com\/#website"},"primaryImageOfPage":{"@id":"https:\/\/fantabimbi.com\/product\/hasbro-gaming-monopoly-junior\/#primaryimage"},"image":{"@id":"https:\/\/fantabimbi.com\/product\/hasbro-gaming-monopoly-junior\/#primaryimage"},"thumbnailUrl":"https:\/\/fantabimbi.com\/wp-content\/uploads\/2025\/11\/e586f019-91db-4727-8c02-79683de55fab.jpg","datePublished":"2025-11-05T15:24:25+00:00","dateModified":"2025-11-07T14:49:45+00:00","description":"GIOCO PER BAMBINI E BAMBINE PI\u00d9 PICCOLI: fai scoprire ai pi\u00f9 piccoli l'iconico gioco da tavolo Monopoly. La modalit\u00e0 di gioco \u00e8 rapida e semplificata.","breadcrumb":{"@id":"https:\/\/fantabimbi.com\/product\/hasbro-gaming-monopoly-junior\/#breadcrumb"},"inLanguage":"en-GB","potentialAction":[{"@type":"ReadAction","target":["https:\/\/fantabimbi.com\/product\/hasbro-gaming-monopoly-junior\/"]}]},{"@type":"ImageObject","inLanguage":"en-GB","@id":"https:\/\/fantabimbi.com\/product\/hasbro-gaming-monopoly-junior\/#primaryimage","url":"https:\/\/fantabimbi.com\/wp-content\/uploads\/2025\/11\/e586f019-91db-4727-8c02-79683de55fab.jpg","contentUrl":"https:\/\/fantabimbi.com\/wp-content\/uploads\/2025\/11\/e586f019-91db-4727-8c02-79683de55fab.jpg","width":957,"height":1600},{"@type":"BreadcrumbList","@id":"https:\/\/fantabimbi.com\/product\/hasbro-gaming-monopoly-junior\/#breadcrumb","itemListElement":[{"@type":"ListItem","position":1,"name":"Home","item":"https:\/\/fantabimbi.com\/"},{"@type":"ListItem","position":2,"name":"Negozio","item":"https:\/\/fantabimbi.com\/shop\/"},{"@type":"ListItem","position":3,"name":"Hasbro Gaming Monopoly Junior"}]},{"@type":"WebSite","@id":"https:\/\/fantabimbi.com\/#website","url":"https:\/\/fantabimbi.com\/","name":"FantaBimbi","description":"","publisher":{"@id":"https:\/\/fantabimbi.com\/#organization"},"potentialAction":[{"@type":"SearchAction","target":{"@type":"EntryPoint","urlTemplate":"https:\/\/fantabimbi.com\/?s={search_term_string}"},"query-input":{"@type":"PropertyValueSpecification","valueRequired":true,"valueName":"search_term_string"}}],"inLanguage":"en-GB"},{"@type":"Organization","@id":"https:\/\/fantabimbi.com\/#organization","name":"FantaBimbi","url":"https:\/\/fantabimbi.com\/","logo":{"@type":"ImageObject","inLanguage":"en-GB","@id":"https:\/\/fantabimbi.com\/#\/schema\/logo\/image\/","url":"https:\/\/fantabimbi.com\/wp-content\/uploads\/2025\/10\/fantabimbi.png","contentUrl":"https:\/\/fantabimbi.com\/wp-content\/uploads\/2025\/10\/fantabimbi.png","width":2302,"height":671,"caption":"FantaBimbi"},"image":{"@id":"https:\/\/fantabimbi.com\/#\/schema\/logo\/image\/"},"sameAs":["https:\/\/www.facebook.com\/profile.php?id=100064145347457"]}]}},"_links":{"self":[{"href":"https:\/\/fantabimbi.com\/en\/wp-json\/wp\/v2\/product\/1788","targetHints":{"allow":["GET"]}}],"collection":[{"href":"https:\/\/fantabimbi.com\/en\/wp-json\/wp\/v2\/product"}],"about":[{"href":"https:\/\/fantabimbi.com\/en\/wp-json\/wp\/v2\/types\/product"}],"replies":[{"embeddable":true,"href":"https:\/\/fantabimbi.com\/en\/wp-json\/wp\/v2\/comments?post=1788"}],"wp:featuredmedia":[{"embeddable":true,"href":"https:\/\/fantabimbi.com\/en\/wp-json\/wp\/v2\/media\/1789"}],"wp:attachment":[{"href":"https:\/\/fantabimbi.com\/en\/wp-json\/wp\/v2\/media?parent=1788"}],"wp:term":[{"taxonomy":"product_brand","embeddable":true,"href":"https:\/\/fantabimbi.com\/en\/wp-json\/wp\/v2\/product_brand?post=1788"},{"taxonomy":"product_cat","embeddable":true,"href":"https:\/\/fantabimbi.com\/en\/wp-json\/wp\/v2\/product_cat?post=1788"},{"taxonomy":"product_tag","embeddable":true,"href":"https:\/\/fantabimbi.com\/en\/wp-json\/wp\/v2\/product_tag?post=1788"}],"curies":[{"name":"wp","href":"https:\/\/api.w.org\/{rel}","templated":true}]}}