{"id":1830,"date":"2025-11-05T16:28:26","date_gmt":"2025-11-05T16:28:26","guid":{"rendered":"https:\/\/fantabimbi.com\/?post_type=product&#038;p=1830"},"modified":"2025-11-07T14:39:49","modified_gmt":"2025-11-07T14:39:49","slug":"bing-set-6-personaggi","status":"publish","type":"product","link":"https:\/\/fantabimbi.com\/en\/product\/bing-set-6-personaggi\/","title":{"rendered":"Bing Set 6 Personaggi"},"content":{"rendered":"<ul class=\"a-unordered-list a-vertical a-spacing-mini\">\n<li class=\"a-spacing-mini\"><span class=\"a-list-item\">COLLEZIONA I PERSONAGGI DI BING: una collezione completa dei 6 personaggi principali della serie TV: Bing, Flop, Sula, Amma, Pando e Padget. (8056379080008)<\/span><\/li>\n<li class=\"a-spacing-mini\"><span class=\"a-list-item\">DIMENSIONI PERFETTE PER I PI\u00d9 PICCOLI: I personaggi sono rappresentati in scala, Bing \u00e8 alto 8 cm. I personaggi sono realizzati con colori luminosi e dimensioni adatte alle mani dei pi\u00f9 piccoli.<\/span><\/li>\n<li class=\"a-spacing-mini\"><span class=\"a-list-item\">VALIGETTA TRASPORTABILE: contenitore con pratica maniglia che rende la confezione una vera e propria valigetta, perfetta per portare i personaggi ovunque.<\/span><\/li>\n<li class=\"a-spacing-mini\"><span class=\"a-list-item\">PROPRIO COME NELLA SERIE TV BING: i personaggi sono ritratti in posizioni tipiche spesso riproposte nel cartone, rendendoli facilmente riconoscibili dai bambini.<\/span><\/li>\n<li class=\"a-spacing-mini\"><span class=\"a-list-item\">GIOCHI PREZIOSI: cambiamo veste, evolviamo ma l\u2019obiettivo rimane immutato: regalare un po\u2019 di felicit\u00e0 ad ogni bambino, mettendo al primo posto i suoi bisogni e desideri!<\/span><\/li>\n<\/ul>","protected":false},"excerpt":{"rendered":"<p>COLLEZIONA I PERSONAGGI DI BING: una collezione completa dei 6 personaggi principali della serie TV: Bing, Flop, Sula, Amma, Pando<\/p>","protected":false},"featured_media":1831,"comment_status":"open","ping_status":"closed","template":"","meta":[],"product_brand":[60],"product_cat":[51],"product_tag":[],"class_list":{"0":"post-1830","1":"product","2":"type-product","3":"status-publish","4":"has-post-thumbnail","6":"product_brand-bing","7":"product_cat-games-for-children","9":"first","10":"instock","11":"taxable","12":"shipping-taxable","13":"purchasable","14":"product-type-simple"},"yoast_head":"<!-- This site is optimized with the Yoast SEO plugin v27.4 - https:\/\/yoast.com\/product\/yoast-seo-wordpress\/ -->\n<title>Bing Set 6 Personaggi - FantaBimbi<\/title>\n<meta name=\"description\" content=\"Una collezione completa dei 6 personaggi principali della serie TV: Bing, Flop, Sula, Amma, Pando e Padget.\" \/>\n<meta name=\"robots\" content=\"index, follow, max-snippet:-1, max-image-preview:large, max-video-preview:-1\" \/>\n<link rel=\"canonical\" href=\"https:\/\/fantabimbi.com\/en\/product\/bing-set-6-personaggi\/\" \/>\n<meta property=\"og:locale\" content=\"en_GB\" \/>\n<meta property=\"og:type\" content=\"article\" \/>\n<meta property=\"og:title\" content=\"Bing Set 6 Personaggi - FantaBimbi\" \/>\n<meta property=\"og:description\" content=\"Una collezione completa dei 6 personaggi principali della serie TV: Bing, Flop, Sula, Amma, Pando e Padget.\" \/>\n<meta property=\"og:url\" content=\"https:\/\/fantabimbi.com\/en\/product\/bing-set-6-personaggi\/\" \/>\n<meta property=\"og:site_name\" content=\"FantaBimbi\" \/>\n<meta property=\"article:publisher\" content=\"https:\/\/www.facebook.com\/profile.php?id=100064145347457\" \/>\n<meta property=\"article:modified_time\" content=\"2025-11-07T14:39:49+00:00\" \/>\n<meta property=\"og:image\" content=\"https:\/\/fantabimbi.com\/wp-content\/uploads\/2025\/11\/50cd5c92-9a07-4713-82e6-1fc5534dffdd.jpg\" \/>\n\t<meta property=\"og:image:width\" content=\"939\" \/>\n\t<meta property=\"og:image:height\" content=\"1600\" \/>\n\t<meta property=\"og:image:type\" content=\"image\/jpeg\" \/>\n<meta name=\"twitter:card\" content=\"summary_large_image\" \/>\n<meta name=\"twitter:label1\" content=\"Estimated reading time\" \/>\n\t<meta name=\"twitter:data1\" content=\"1 minute\" \/>\n<script type=\"application\/ld+json\" class=\"yoast-schema-graph\">{\"@context\":\"https:\\\/\\\/schema.org\",\"@graph\":[{\"@type\":\"WebPage\",\"@id\":\"https:\\\/\\\/fantabimbi.com\\\/product\\\/bing-set-6-personaggi\\\/\",\"url\":\"https:\\\/\\\/fantabimbi.com\\\/product\\\/bing-set-6-personaggi\\\/\",\"name\":\"Bing Set 6 Personaggi - FantaBimbi\",\"isPartOf\":{\"@id\":\"https:\\\/\\\/fantabimbi.com\\\/#website\"},\"primaryImageOfPage\":{\"@id\":\"https:\\\/\\\/fantabimbi.com\\\/product\\\/bing-set-6-personaggi\\\/#primaryimage\"},\"image\":{\"@id\":\"https:\\\/\\\/fantabimbi.com\\\/product\\\/bing-set-6-personaggi\\\/#primaryimage\"},\"thumbnailUrl\":\"https:\\\/\\\/fantabimbi.com\\\/wp-content\\\/uploads\\\/2025\\\/11\\\/50cd5c92-9a07-4713-82e6-1fc5534dffdd.jpg\",\"datePublished\":\"2025-11-05T16:28:26+00:00\",\"dateModified\":\"2025-11-07T14:39:49+00:00\",\"description\":\"Una collezione completa dei 6 personaggi principali della serie TV: Bing, Flop, Sula, Amma, Pando e Padget.\",\"breadcrumb\":{\"@id\":\"https:\\\/\\\/fantabimbi.com\\\/product\\\/bing-set-6-personaggi\\\/#breadcrumb\"},\"inLanguage\":\"en-GB\",\"potentialAction\":[{\"@type\":\"ReadAction\",\"target\":[\"https:\\\/\\\/fantabimbi.com\\\/product\\\/bing-set-6-personaggi\\\/\"]}]},{\"@type\":\"ImageObject\",\"inLanguage\":\"en-GB\",\"@id\":\"https:\\\/\\\/fantabimbi.com\\\/product\\\/bing-set-6-personaggi\\\/#primaryimage\",\"url\":\"https:\\\/\\\/fantabimbi.com\\\/wp-content\\\/uploads\\\/2025\\\/11\\\/50cd5c92-9a07-4713-82e6-1fc5534dffdd.jpg\",\"contentUrl\":\"https:\\\/\\\/fantabimbi.com\\\/wp-content\\\/uploads\\\/2025\\\/11\\\/50cd5c92-9a07-4713-82e6-1fc5534dffdd.jpg\",\"width\":939,\"height\":1600},{\"@type\":\"BreadcrumbList\",\"@id\":\"https:\\\/\\\/fantabimbi.com\\\/product\\\/bing-set-6-personaggi\\\/#breadcrumb\",\"itemListElement\":[{\"@type\":\"ListItem\",\"position\":1,\"name\":\"Home\",\"item\":\"https:\\\/\\\/fantabimbi.com\\\/\"},{\"@type\":\"ListItem\",\"position\":2,\"name\":\"Negozio\",\"item\":\"https:\\\/\\\/fantabimbi.com\\\/shop\\\/\"},{\"@type\":\"ListItem\",\"position\":3,\"name\":\"Bing Set 6 Personaggi\"}]},{\"@type\":\"WebSite\",\"@id\":\"https:\\\/\\\/fantabimbi.com\\\/#website\",\"url\":\"https:\\\/\\\/fantabimbi.com\\\/\",\"name\":\"FantaBimbi\",\"description\":\"\",\"publisher\":{\"@id\":\"https:\\\/\\\/fantabimbi.com\\\/#organization\"},\"potentialAction\":[{\"@type\":\"SearchAction\",\"target\":{\"@type\":\"EntryPoint\",\"urlTemplate\":\"https:\\\/\\\/fantabimbi.com\\\/?s={search_term_string}\"},\"query-input\":{\"@type\":\"PropertyValueSpecification\",\"valueRequired\":true,\"valueName\":\"search_term_string\"}}],\"inLanguage\":\"en-GB\"},{\"@type\":\"Organization\",\"@id\":\"https:\\\/\\\/fantabimbi.com\\\/#organization\",\"name\":\"FantaBimbi\",\"url\":\"https:\\\/\\\/fantabimbi.com\\\/\",\"logo\":{\"@type\":\"ImageObject\",\"inLanguage\":\"en-GB\",\"@id\":\"https:\\\/\\\/fantabimbi.com\\\/#\\\/schema\\\/logo\\\/image\\\/\",\"url\":\"https:\\\/\\\/fantabimbi.com\\\/wp-content\\\/uploads\\\/2025\\\/10\\\/fantabimbi.png\",\"contentUrl\":\"https:\\\/\\\/fantabimbi.com\\\/wp-content\\\/uploads\\\/2025\\\/10\\\/fantabimbi.png\",\"width\":2302,\"height\":671,\"caption\":\"FantaBimbi\"},\"image\":{\"@id\":\"https:\\\/\\\/fantabimbi.com\\\/#\\\/schema\\\/logo\\\/image\\\/\"},\"sameAs\":[\"https:\\\/\\\/www.facebook.com\\\/profile.php?id=100064145347457\"]}]}<\/script>\n<!-- \/ Yoast SEO plugin. -->","yoast_head_json":{"title":"Bing Set 6 Personaggi - FantaBimbi","description":"Una collezione completa dei 6 personaggi principali della serie TV: Bing, Flop, Sula, Amma, Pando e Padget.","robots":{"index":"index","follow":"follow","max-snippet":"max-snippet:-1","max-image-preview":"max-image-preview:large","max-video-preview":"max-video-preview:-1"},"canonical":"https:\/\/fantabimbi.com\/en\/product\/bing-set-6-personaggi\/","og_locale":"en_GB","og_type":"article","og_title":"Bing Set 6 Personaggi - FantaBimbi","og_description":"Una collezione completa dei 6 personaggi principali della serie TV: Bing, Flop, Sula, Amma, Pando e Padget.","og_url":"https:\/\/fantabimbi.com\/en\/product\/bing-set-6-personaggi\/","og_site_name":"FantaBimbi","article_publisher":"https:\/\/www.facebook.com\/profile.php?id=100064145347457","article_modified_time":"2025-11-07T14:39:49+00:00","og_image":[{"width":939,"height":1600,"url":"https:\/\/fantabimbi.com\/wp-content\/uploads\/2025\/11\/50cd5c92-9a07-4713-82e6-1fc5534dffdd.jpg","type":"image\/jpeg"}],"twitter_card":"summary_large_image","twitter_misc":{"Estimated reading time":"1 minute"},"schema":{"@context":"https:\/\/schema.org","@graph":[{"@type":"WebPage","@id":"https:\/\/fantabimbi.com\/product\/bing-set-6-personaggi\/","url":"https:\/\/fantabimbi.com\/product\/bing-set-6-personaggi\/","name":"Bing Set 6 Personaggi - FantaBimbi","isPartOf":{"@id":"https:\/\/fantabimbi.com\/#website"},"primaryImageOfPage":{"@id":"https:\/\/fantabimbi.com\/product\/bing-set-6-personaggi\/#primaryimage"},"image":{"@id":"https:\/\/fantabimbi.com\/product\/bing-set-6-personaggi\/#primaryimage"},"thumbnailUrl":"https:\/\/fantabimbi.com\/wp-content\/uploads\/2025\/11\/50cd5c92-9a07-4713-82e6-1fc5534dffdd.jpg","datePublished":"2025-11-05T16:28:26+00:00","dateModified":"2025-11-07T14:39:49+00:00","description":"Una collezione completa dei 6 personaggi principali della serie TV: Bing, Flop, Sula, Amma, Pando e Padget.","breadcrumb":{"@id":"https:\/\/fantabimbi.com\/product\/bing-set-6-personaggi\/#breadcrumb"},"inLanguage":"en-GB","potentialAction":[{"@type":"ReadAction","target":["https:\/\/fantabimbi.com\/product\/bing-set-6-personaggi\/"]}]},{"@type":"ImageObject","inLanguage":"en-GB","@id":"https:\/\/fantabimbi.com\/product\/bing-set-6-personaggi\/#primaryimage","url":"https:\/\/fantabimbi.com\/wp-content\/uploads\/2025\/11\/50cd5c92-9a07-4713-82e6-1fc5534dffdd.jpg","contentUrl":"https:\/\/fantabimbi.com\/wp-content\/uploads\/2025\/11\/50cd5c92-9a07-4713-82e6-1fc5534dffdd.jpg","width":939,"height":1600},{"@type":"BreadcrumbList","@id":"https:\/\/fantabimbi.com\/product\/bing-set-6-personaggi\/#breadcrumb","itemListElement":[{"@type":"ListItem","position":1,"name":"Home","item":"https:\/\/fantabimbi.com\/"},{"@type":"ListItem","position":2,"name":"Negozio","item":"https:\/\/fantabimbi.com\/shop\/"},{"@type":"ListItem","position":3,"name":"Bing Set 6 Personaggi"}]},{"@type":"WebSite","@id":"https:\/\/fantabimbi.com\/#website","url":"https:\/\/fantabimbi.com\/","name":"FantaBimbi","description":"","publisher":{"@id":"https:\/\/fantabimbi.com\/#organization"},"potentialAction":[{"@type":"SearchAction","target":{"@type":"EntryPoint","urlTemplate":"https:\/\/fantabimbi.com\/?s={search_term_string}"},"query-input":{"@type":"PropertyValueSpecification","valueRequired":true,"valueName":"search_term_string"}}],"inLanguage":"en-GB"},{"@type":"Organization","@id":"https:\/\/fantabimbi.com\/#organization","name":"FantaBimbi","url":"https:\/\/fantabimbi.com\/","logo":{"@type":"ImageObject","inLanguage":"en-GB","@id":"https:\/\/fantabimbi.com\/#\/schema\/logo\/image\/","url":"https:\/\/fantabimbi.com\/wp-content\/uploads\/2025\/10\/fantabimbi.png","contentUrl":"https:\/\/fantabimbi.com\/wp-content\/uploads\/2025\/10\/fantabimbi.png","width":2302,"height":671,"caption":"FantaBimbi"},"image":{"@id":"https:\/\/fantabimbi.com\/#\/schema\/logo\/image\/"},"sameAs":["https:\/\/www.facebook.com\/profile.php?id=100064145347457"]}]}},"_links":{"self":[{"href":"https:\/\/fantabimbi.com\/en\/wp-json\/wp\/v2\/product\/1830","targetHints":{"allow":["GET"]}}],"collection":[{"href":"https:\/\/fantabimbi.com\/en\/wp-json\/wp\/v2\/product"}],"about":[{"href":"https:\/\/fantabimbi.com\/en\/wp-json\/wp\/v2\/types\/product"}],"replies":[{"embeddable":true,"href":"https:\/\/fantabimbi.com\/en\/wp-json\/wp\/v2\/comments?post=1830"}],"wp:featuredmedia":[{"embeddable":true,"href":"https:\/\/fantabimbi.com\/en\/wp-json\/wp\/v2\/media\/1831"}],"wp:attachment":[{"href":"https:\/\/fantabimbi.com\/en\/wp-json\/wp\/v2\/media?parent=1830"}],"wp:term":[{"taxonomy":"product_brand","embeddable":true,"href":"https:\/\/fantabimbi.com\/en\/wp-json\/wp\/v2\/product_brand?post=1830"},{"taxonomy":"product_cat","embeddable":true,"href":"https:\/\/fantabimbi.com\/en\/wp-json\/wp\/v2\/product_cat?post=1830"},{"taxonomy":"product_tag","embeddable":true,"href":"https:\/\/fantabimbi.com\/en\/wp-json\/wp\/v2\/product_tag?post=1830"}],"curies":[{"name":"wp","href":"https:\/\/api.w.org\/{rel}","templated":true}]}}