{"id":2458,"date":"2025-11-12T16:43:07","date_gmt":"2025-11-12T16:43:07","guid":{"rendered":"https:\/\/fantabimbi.com\/?post_type=product&#038;p=2458"},"modified":"2025-12-22T18:16:28","modified_gmt":"2025-12-22T18:16:28","slug":"barbie-camper-dei-sogni","status":"publish","type":"product","link":"https:\/\/fantabimbi.com\/en\/product\/barbie-camper-dei-sogni\/","title":{"rendered":"Barbie &#8211; Camper dei Sogni"},"content":{"rendered":"<ul class=\"a-unordered-list a-vertical a-spacing-mini\">\n<li class=\"a-spacing-mini\"><span class=\"a-list-item\">Il playset Barbie Camper dei Sogni presenta 7 aree di gioco e pi\u00f9 di 60 accessori, tra cui un cucciolo, per ispirare infinite storie da campeggio!(194735178384)<\/span><\/li>\n<li class=\"a-spacing-mini\"><span class=\"a-list-item\">Apri il camper per scoprire tantissimo spazio per le bambole Barbie (in vendita separatamente) per dormire e giocare, tra cui una tenda pieghevole che pu\u00f2 ospitare 2 bambole sul tetto, un salotto, una zona pranzo e un bagno!<\/span><\/li>\n<li class=\"a-spacing-mini\"><span class=\"a-list-item\">I bambini possono allestire il campeggio con il laghetto, l&#8217;altalena, il tavolo da picnic, la postazione per il barbecue e molto altro ancora&#8230; non dimenticare la cuccia!<\/span><\/li>\n<li class=\"a-spacing-mini\"><span class=\"a-list-item\">All&#8217;ora di cena, usa i 3 tubetti di pasta modellabile inclusi, con colori diversi per ogni ingrediente, e lo stampo per barbecue per preparare hamburger per i campeggiatori affamati.<\/span><\/li>\n<li class=\"a-spacing-mini\"><span class=\"a-list-item\">Divertiti a grigliare cibi che cambiano colore man mano che &#8216;cuociono&#8217;: i bambini possono usare acqua fredda e calda sulla spugna per ripetere l&#8217;effetto tutte le volte che vogliono!<\/span><\/li>\n<li class=\"a-spacing-mini\"><span class=\"a-list-item\">Gli accessori aggiuntivi per la narrazione includono un focolare e spiedini di marshmallow, una canna da pesca, una sedia da campeggio pieghevole, una chitarra, utensili da cucina e molto altro ancora!<\/span><\/li>\n<li class=\"a-spacing-mini\"><span class=\"a-list-item\">Il camper rosa \u00e8 dotato di ruote mobili: basta chiuderlo e spingerlo per partire verso la prossima destinazione!<\/span><\/li>\n<li class=\"a-spacing-mini\"><span class=\"a-list-item\">Con cos\u00ec tante opportunit\u00e0 di narrazione e sorprese divertenti, il playset Barbie Camper dei Sogni offre infinite possibilit\u00e0 di gioco per bambini dai 3 anni in su.<\/span><\/li>\n<\/ul>","protected":false},"excerpt":{"rendered":"<p>Il playset Barbie Camper dei Sogni presenta 7 aree di gioco e pi\u00f9 di 60 accessori, tra cui un cucciolo,<\/p>","protected":false},"featured_media":2459,"comment_status":"open","ping_status":"closed","template":"","meta":[],"product_brand":[52],"product_cat":[20,51],"product_tag":[],"class_list":{"0":"post-2458","1":"product","2":"type-product","3":"status-publish","4":"has-post-thumbnail","6":"product_brand-barbie","7":"product_cat-dolls","8":"product_cat-games-for-children","10":"first","11":"outofstock","12":"sale","13":"taxable","14":"shipping-taxable","15":"purchasable","16":"product-type-simple"},"yoast_head":"<!-- This site is optimized with the Yoast SEO plugin v27.4 - https:\/\/yoast.com\/product\/yoast-seo-wordpress\/ -->\n<title>Barbie - Camper dei Sogni - FantaBimbi<\/title>\n<meta name=\"description\" content=\"Apri il camper per scoprire tantissimo spazio per le bambole Barbie (in vendita separatamente) per ispirare infinite storie da campeggio!\" \/>\n<meta name=\"robots\" content=\"index, follow, max-snippet:-1, max-image-preview:large, max-video-preview:-1\" \/>\n<link rel=\"canonical\" href=\"https:\/\/fantabimbi.com\/en\/product\/barbie-camper-dei-sogni\/\" \/>\n<meta property=\"og:locale\" content=\"en_GB\" \/>\n<meta property=\"og:type\" content=\"article\" \/>\n<meta property=\"og:title\" content=\"Barbie - Camper dei Sogni - FantaBimbi\" \/>\n<meta property=\"og:description\" content=\"Apri il camper per scoprire tantissimo spazio per le bambole Barbie (in vendita separatamente) per ispirare infinite storie da campeggio!\" \/>\n<meta property=\"og:url\" content=\"https:\/\/fantabimbi.com\/en\/product\/barbie-camper-dei-sogni\/\" \/>\n<meta property=\"og:site_name\" content=\"FantaBimbi\" \/>\n<meta property=\"article:publisher\" content=\"https:\/\/www.facebook.com\/profile.php?id=100064145347457\" \/>\n<meta property=\"article:modified_time\" content=\"2025-12-22T18:16:28+00:00\" \/>\n<meta property=\"og:image\" content=\"https:\/\/fantabimbi.com\/wp-content\/uploads\/2025\/11\/ed930244-43ff-4508-9011-577201dc48bd.jpg\" \/>\n\t<meta property=\"og:image:width\" content=\"1179\" \/>\n\t<meta property=\"og:image:height\" content=\"849\" \/>\n\t<meta property=\"og:image:type\" content=\"image\/jpeg\" \/>\n<meta name=\"twitter:card\" content=\"summary_large_image\" \/>\n<meta name=\"twitter:label1\" content=\"Estimated reading time\" \/>\n\t<meta name=\"twitter:data1\" content=\"2 minutes\" \/>\n<script type=\"application\/ld+json\" class=\"yoast-schema-graph\">{\"@context\":\"https:\\\/\\\/schema.org\",\"@graph\":[{\"@type\":\"WebPage\",\"@id\":\"https:\\\/\\\/fantabimbi.com\\\/product\\\/barbie-camper-dei-sogni\\\/\",\"url\":\"https:\\\/\\\/fantabimbi.com\\\/product\\\/barbie-camper-dei-sogni\\\/\",\"name\":\"Barbie - Camper dei Sogni - FantaBimbi\",\"isPartOf\":{\"@id\":\"https:\\\/\\\/fantabimbi.com\\\/#website\"},\"primaryImageOfPage\":{\"@id\":\"https:\\\/\\\/fantabimbi.com\\\/product\\\/barbie-camper-dei-sogni\\\/#primaryimage\"},\"image\":{\"@id\":\"https:\\\/\\\/fantabimbi.com\\\/product\\\/barbie-camper-dei-sogni\\\/#primaryimage\"},\"thumbnailUrl\":\"https:\\\/\\\/fantabimbi.com\\\/wp-content\\\/uploads\\\/2025\\\/11\\\/ed930244-43ff-4508-9011-577201dc48bd.jpg\",\"datePublished\":\"2025-11-12T16:43:07+00:00\",\"dateModified\":\"2025-12-22T18:16:28+00:00\",\"description\":\"Apri il camper per scoprire tantissimo spazio per le bambole Barbie (in vendita separatamente) per ispirare infinite storie da campeggio!\",\"breadcrumb\":{\"@id\":\"https:\\\/\\\/fantabimbi.com\\\/product\\\/barbie-camper-dei-sogni\\\/#breadcrumb\"},\"inLanguage\":\"en-GB\",\"potentialAction\":[{\"@type\":\"ReadAction\",\"target\":[\"https:\\\/\\\/fantabimbi.com\\\/product\\\/barbie-camper-dei-sogni\\\/\"]}]},{\"@type\":\"ImageObject\",\"inLanguage\":\"en-GB\",\"@id\":\"https:\\\/\\\/fantabimbi.com\\\/product\\\/barbie-camper-dei-sogni\\\/#primaryimage\",\"url\":\"https:\\\/\\\/fantabimbi.com\\\/wp-content\\\/uploads\\\/2025\\\/11\\\/ed930244-43ff-4508-9011-577201dc48bd.jpg\",\"contentUrl\":\"https:\\\/\\\/fantabimbi.com\\\/wp-content\\\/uploads\\\/2025\\\/11\\\/ed930244-43ff-4508-9011-577201dc48bd.jpg\",\"width\":1179,\"height\":849},{\"@type\":\"BreadcrumbList\",\"@id\":\"https:\\\/\\\/fantabimbi.com\\\/product\\\/barbie-camper-dei-sogni\\\/#breadcrumb\",\"itemListElement\":[{\"@type\":\"ListItem\",\"position\":1,\"name\":\"Home\",\"item\":\"https:\\\/\\\/fantabimbi.com\\\/\"},{\"@type\":\"ListItem\",\"position\":2,\"name\":\"Negozio\",\"item\":\"https:\\\/\\\/fantabimbi.com\\\/shop\\\/\"},{\"@type\":\"ListItem\",\"position\":3,\"name\":\"Barbie &#8211; Camper dei Sogni\"}]},{\"@type\":\"WebSite\",\"@id\":\"https:\\\/\\\/fantabimbi.com\\\/#website\",\"url\":\"https:\\\/\\\/fantabimbi.com\\\/\",\"name\":\"FantaBimbi\",\"description\":\"\",\"publisher\":{\"@id\":\"https:\\\/\\\/fantabimbi.com\\\/#organization\"},\"potentialAction\":[{\"@type\":\"SearchAction\",\"target\":{\"@type\":\"EntryPoint\",\"urlTemplate\":\"https:\\\/\\\/fantabimbi.com\\\/?s={search_term_string}\"},\"query-input\":{\"@type\":\"PropertyValueSpecification\",\"valueRequired\":true,\"valueName\":\"search_term_string\"}}],\"inLanguage\":\"en-GB\"},{\"@type\":\"Organization\",\"@id\":\"https:\\\/\\\/fantabimbi.com\\\/#organization\",\"name\":\"FantaBimbi\",\"url\":\"https:\\\/\\\/fantabimbi.com\\\/\",\"logo\":{\"@type\":\"ImageObject\",\"inLanguage\":\"en-GB\",\"@id\":\"https:\\\/\\\/fantabimbi.com\\\/#\\\/schema\\\/logo\\\/image\\\/\",\"url\":\"https:\\\/\\\/fantabimbi.com\\\/wp-content\\\/uploads\\\/2025\\\/10\\\/fantabimbi.png\",\"contentUrl\":\"https:\\\/\\\/fantabimbi.com\\\/wp-content\\\/uploads\\\/2025\\\/10\\\/fantabimbi.png\",\"width\":2302,\"height\":671,\"caption\":\"FantaBimbi\"},\"image\":{\"@id\":\"https:\\\/\\\/fantabimbi.com\\\/#\\\/schema\\\/logo\\\/image\\\/\"},\"sameAs\":[\"https:\\\/\\\/www.facebook.com\\\/profile.php?id=100064145347457\"]}]}<\/script>\n<!-- \/ Yoast SEO plugin. -->","yoast_head_json":{"title":"Barbie - Camper dei Sogni - FantaBimbi","description":"Apri il camper per scoprire tantissimo spazio per le bambole Barbie (in vendita separatamente) per ispirare infinite storie da campeggio!","robots":{"index":"index","follow":"follow","max-snippet":"max-snippet:-1","max-image-preview":"max-image-preview:large","max-video-preview":"max-video-preview:-1"},"canonical":"https:\/\/fantabimbi.com\/en\/product\/barbie-camper-dei-sogni\/","og_locale":"en_GB","og_type":"article","og_title":"Barbie - Camper dei Sogni - FantaBimbi","og_description":"Apri il camper per scoprire tantissimo spazio per le bambole Barbie (in vendita separatamente) per ispirare infinite storie da campeggio!","og_url":"https:\/\/fantabimbi.com\/en\/product\/barbie-camper-dei-sogni\/","og_site_name":"FantaBimbi","article_publisher":"https:\/\/www.facebook.com\/profile.php?id=100064145347457","article_modified_time":"2025-12-22T18:16:28+00:00","og_image":[{"width":1179,"height":849,"url":"https:\/\/fantabimbi.com\/wp-content\/uploads\/2025\/11\/ed930244-43ff-4508-9011-577201dc48bd.jpg","type":"image\/jpeg"}],"twitter_card":"summary_large_image","twitter_misc":{"Estimated reading time":"2 minutes"},"schema":{"@context":"https:\/\/schema.org","@graph":[{"@type":"WebPage","@id":"https:\/\/fantabimbi.com\/product\/barbie-camper-dei-sogni\/","url":"https:\/\/fantabimbi.com\/product\/barbie-camper-dei-sogni\/","name":"Barbie - Camper dei Sogni - FantaBimbi","isPartOf":{"@id":"https:\/\/fantabimbi.com\/#website"},"primaryImageOfPage":{"@id":"https:\/\/fantabimbi.com\/product\/barbie-camper-dei-sogni\/#primaryimage"},"image":{"@id":"https:\/\/fantabimbi.com\/product\/barbie-camper-dei-sogni\/#primaryimage"},"thumbnailUrl":"https:\/\/fantabimbi.com\/wp-content\/uploads\/2025\/11\/ed930244-43ff-4508-9011-577201dc48bd.jpg","datePublished":"2025-11-12T16:43:07+00:00","dateModified":"2025-12-22T18:16:28+00:00","description":"Apri il camper per scoprire tantissimo spazio per le bambole Barbie (in vendita separatamente) per ispirare infinite storie da campeggio!","breadcrumb":{"@id":"https:\/\/fantabimbi.com\/product\/barbie-camper-dei-sogni\/#breadcrumb"},"inLanguage":"en-GB","potentialAction":[{"@type":"ReadAction","target":["https:\/\/fantabimbi.com\/product\/barbie-camper-dei-sogni\/"]}]},{"@type":"ImageObject","inLanguage":"en-GB","@id":"https:\/\/fantabimbi.com\/product\/barbie-camper-dei-sogni\/#primaryimage","url":"https:\/\/fantabimbi.com\/wp-content\/uploads\/2025\/11\/ed930244-43ff-4508-9011-577201dc48bd.jpg","contentUrl":"https:\/\/fantabimbi.com\/wp-content\/uploads\/2025\/11\/ed930244-43ff-4508-9011-577201dc48bd.jpg","width":1179,"height":849},{"@type":"BreadcrumbList","@id":"https:\/\/fantabimbi.com\/product\/barbie-camper-dei-sogni\/#breadcrumb","itemListElement":[{"@type":"ListItem","position":1,"name":"Home","item":"https:\/\/fantabimbi.com\/"},{"@type":"ListItem","position":2,"name":"Negozio","item":"https:\/\/fantabimbi.com\/shop\/"},{"@type":"ListItem","position":3,"name":"Barbie &#8211; Camper dei Sogni"}]},{"@type":"WebSite","@id":"https:\/\/fantabimbi.com\/#website","url":"https:\/\/fantabimbi.com\/","name":"FantaBimbi","description":"","publisher":{"@id":"https:\/\/fantabimbi.com\/#organization"},"potentialAction":[{"@type":"SearchAction","target":{"@type":"EntryPoint","urlTemplate":"https:\/\/fantabimbi.com\/?s={search_term_string}"},"query-input":{"@type":"PropertyValueSpecification","valueRequired":true,"valueName":"search_term_string"}}],"inLanguage":"en-GB"},{"@type":"Organization","@id":"https:\/\/fantabimbi.com\/#organization","name":"FantaBimbi","url":"https:\/\/fantabimbi.com\/","logo":{"@type":"ImageObject","inLanguage":"en-GB","@id":"https:\/\/fantabimbi.com\/#\/schema\/logo\/image\/","url":"https:\/\/fantabimbi.com\/wp-content\/uploads\/2025\/10\/fantabimbi.png","contentUrl":"https:\/\/fantabimbi.com\/wp-content\/uploads\/2025\/10\/fantabimbi.png","width":2302,"height":671,"caption":"FantaBimbi"},"image":{"@id":"https:\/\/fantabimbi.com\/#\/schema\/logo\/image\/"},"sameAs":["https:\/\/www.facebook.com\/profile.php?id=100064145347457"]}]}},"_links":{"self":[{"href":"https:\/\/fantabimbi.com\/en\/wp-json\/wp\/v2\/product\/2458","targetHints":{"allow":["GET"]}}],"collection":[{"href":"https:\/\/fantabimbi.com\/en\/wp-json\/wp\/v2\/product"}],"about":[{"href":"https:\/\/fantabimbi.com\/en\/wp-json\/wp\/v2\/types\/product"}],"replies":[{"embeddable":true,"href":"https:\/\/fantabimbi.com\/en\/wp-json\/wp\/v2\/comments?post=2458"}],"wp:featuredmedia":[{"embeddable":true,"href":"https:\/\/fantabimbi.com\/en\/wp-json\/wp\/v2\/media\/2459"}],"wp:attachment":[{"href":"https:\/\/fantabimbi.com\/en\/wp-json\/wp\/v2\/media?parent=2458"}],"wp:term":[{"taxonomy":"product_brand","embeddable":true,"href":"https:\/\/fantabimbi.com\/en\/wp-json\/wp\/v2\/product_brand?post=2458"},{"taxonomy":"product_cat","embeddable":true,"href":"https:\/\/fantabimbi.com\/en\/wp-json\/wp\/v2\/product_cat?post=2458"},{"taxonomy":"product_tag","embeddable":true,"href":"https:\/\/fantabimbi.com\/en\/wp-json\/wp\/v2\/product_tag?post=2458"}],"curies":[{"name":"wp","href":"https:\/\/api.w.org\/{rel}","templated":true}]}}