{"id":868,"date":"2025-10-28T14:27:39","date_gmt":"2025-10-28T14:27:39","guid":{"rendered":"https:\/\/fantabimbi.com\/?post_type=product&#038;p=868"},"modified":"2025-11-08T16:07:28","modified_gmt":"2025-11-08T16:07:28","slug":"modellino-auto-bburago-1-24-ferrari-488-pista-rosso-corsa","status":"publish","type":"product","link":"https:\/\/fantabimbi.com\/en\/product\/modellino-auto-bburago-1-24-ferrari-488-pista-rosso-corsa\/","title":{"rendered":"Bburago 1\/24 Ferrari 488 Pista Rosso Corsa Model Car"},"content":{"rendered":"<ul>\n<li>\n<p class=\"LC20lb MBeuO DKV0Md\">Modellino Auto Bburago Ferrari 488 Pista Rosso Corsa. (4893993260263)<\/p>\n<\/li>\n<li class=\"a-spacing-mini\"><span class=\"a-list-item\">FERRARI 488 PISTA R&amp;P: Fedele riproduzione in scala 1:24 della Ferrari 488 Pista, vettura che cattura l&#8217;essenza della velocit\u00e0 e del design italiano. Il veicolo \u00e8 stato attentamente progettato per riprodurre con precisione ogni dettaglio e caratteristica del modello reale. Il prodotto possiede la licenza ufficiale Ferrari.<\/span><\/li>\n<li class=\"a-spacing-mini\"><span class=\"a-list-item\">CARATTERISTICHE TECNICHE: Scopri l&#8217;emozione dell&#8217;autenticit\u00e0 con il nostro prodotto da collezione! Con il modello in scala della Ferrari 488 Pista, dotato di portiere apribili, puoi esplorare l\u2019accuratezza dei dettagli e delle finiture interne.<\/span><\/li>\n<li class=\"a-spacing-mini\"><span class=\"a-list-item\">ET\u00c0 CONSIGLIATA: Modello in scala perfetto per collezionisti di tutte le et\u00e0. Si raccomanda di tenerlo fuori dalla portata dei bambini sotto i 3 anni.<\/span><\/li>\n<li class=\"a-spacing-mini\"><span class=\"a-list-item\">IDEALE COME REGALO: Stai cercando un regalo originale e raffinato per un appassionato di auto? Un modello auto in scala \u00e8 la scelta perfetta! Che si tratti di un collezionista esperto o di un neofita, un modello auto di qualit\u00e0 sapr\u00e0 conquistarlo e arricchire la sua collezione.<\/span><\/li>\n<li class=\"a-spacing-mini\"><span class=\"a-list-item\">BBURAGO: il marchio iconico di veicoli die-cast in scala con le licenze delle maggiori case automobilistiche. I suoi modelli hanno contribuito alla crescita dei bambini di tutto il mondo e alla passione degli adulti. Il target \u00e8 ampio, dai bambini ai grandi collezionisti di veicoli.<\/span><\/li>\n<\/ul>","protected":false},"excerpt":{"rendered":"<p>Modellino Auto Bburago Ferrari 488 Pista Rosso Corsa. (4893993260263) FERRARI 488 PISTA R&amp;P: Fedele riproduzione in scala 1:24 della Ferrari<\/p>","protected":false},"featured_media":869,"comment_status":"open","ping_status":"closed","template":"","meta":[],"product_brand":[],"product_cat":[21],"product_tag":[],"class_list":{"0":"post-868","1":"product","2":"type-product","3":"status-publish","4":"has-post-thumbnail","6":"product_cat-cars","8":"first","9":"instock","10":"taxable","11":"shipping-taxable","12":"purchasable","13":"product-type-simple"},"yoast_head":"<!-- This site is optimized with the Yoast SEO plugin v27.3 - https:\/\/yoast.com\/product\/yoast-seo-wordpress\/ -->\n<title>Modellino Auto Bburago 1\/24 Ferrari 488 Pista Rosso Corsa - FantaBimbi<\/title>\n<meta name=\"description\" content=\"FERRARI 488 PISTA R&amp;P: Fedele riproduzione in scala 1:24 della Ferrari 488 Pista, vettura che cattura l&#039;essenza della velocit\u00e0 e del design italiano.\" \/>\n<meta name=\"robots\" content=\"index, follow, max-snippet:-1, max-image-preview:large, max-video-preview:-1\" \/>\n<link rel=\"canonical\" href=\"https:\/\/fantabimbi.com\/en\/product\/modellino-auto-bburago-1-24-ferrari-488-pista-rosso-corsa\/\" \/>\n<meta property=\"og:locale\" content=\"en_GB\" \/>\n<meta property=\"og:type\" content=\"article\" \/>\n<meta property=\"og:title\" content=\"Modellino Auto Bburago 1\/24 Ferrari 488 Pista Rosso Corsa - FantaBimbi\" \/>\n<meta property=\"og:description\" content=\"FERRARI 488 PISTA R&amp;P: Fedele riproduzione in scala 1:24 della Ferrari 488 Pista, vettura che cattura l&#039;essenza della velocit\u00e0 e del design italiano.\" \/>\n<meta property=\"og:url\" content=\"https:\/\/fantabimbi.com\/en\/product\/modellino-auto-bburago-1-24-ferrari-488-pista-rosso-corsa\/\" \/>\n<meta property=\"og:site_name\" content=\"FantaBimbi\" \/>\n<meta property=\"article:publisher\" content=\"https:\/\/www.facebook.com\/profile.php?id=100064145347457\" \/>\n<meta property=\"article:modified_time\" content=\"2025-11-08T16:07:28+00:00\" \/>\n<meta property=\"og:image\" content=\"https:\/\/fantabimbi.com\/wp-content\/uploads\/2025\/10\/2c1cbdb3-3d2f-401a-bda0-8ad2ae34595e.jpg\" \/>\n\t<meta property=\"og:image:width\" content=\"1113\" \/>\n\t<meta property=\"og:image:height\" content=\"1600\" \/>\n\t<meta property=\"og:image:type\" content=\"image\/jpeg\" \/>\n<meta name=\"twitter:card\" content=\"summary_large_image\" \/>\n<meta name=\"twitter:label1\" content=\"Estimated reading time\" \/>\n\t<meta name=\"twitter:data1\" content=\"2 minutes\" \/>\n<script type=\"application\/ld+json\" class=\"yoast-schema-graph\">{\"@context\":\"https:\\\/\\\/schema.org\",\"@graph\":[{\"@type\":\"WebPage\",\"@id\":\"https:\\\/\\\/fantabimbi.com\\\/product\\\/modellino-auto-bburago-1-24-ferrari-488-pista-rosso-corsa\\\/\",\"url\":\"https:\\\/\\\/fantabimbi.com\\\/product\\\/modellino-auto-bburago-1-24-ferrari-488-pista-rosso-corsa\\\/\",\"name\":\"Modellino Auto Bburago 1\\\/24 Ferrari 488 Pista Rosso Corsa - FantaBimbi\",\"isPartOf\":{\"@id\":\"https:\\\/\\\/fantabimbi.com\\\/#website\"},\"primaryImageOfPage\":{\"@id\":\"https:\\\/\\\/fantabimbi.com\\\/product\\\/modellino-auto-bburago-1-24-ferrari-488-pista-rosso-corsa\\\/#primaryimage\"},\"image\":{\"@id\":\"https:\\\/\\\/fantabimbi.com\\\/product\\\/modellino-auto-bburago-1-24-ferrari-488-pista-rosso-corsa\\\/#primaryimage\"},\"thumbnailUrl\":\"https:\\\/\\\/fantabimbi.com\\\/wp-content\\\/uploads\\\/2025\\\/10\\\/2c1cbdb3-3d2f-401a-bda0-8ad2ae34595e.jpg\",\"datePublished\":\"2025-10-28T14:27:39+00:00\",\"dateModified\":\"2025-11-08T16:07:28+00:00\",\"description\":\"FERRARI 488 PISTA R&P: Fedele riproduzione in scala 1:24 della Ferrari 488 Pista, vettura che cattura l'essenza della velocit\u00e0 e del design italiano.\",\"breadcrumb\":{\"@id\":\"https:\\\/\\\/fantabimbi.com\\\/product\\\/modellino-auto-bburago-1-24-ferrari-488-pista-rosso-corsa\\\/#breadcrumb\"},\"inLanguage\":\"en-GB\",\"potentialAction\":[{\"@type\":\"ReadAction\",\"target\":[\"https:\\\/\\\/fantabimbi.com\\\/product\\\/modellino-auto-bburago-1-24-ferrari-488-pista-rosso-corsa\\\/\"]}]},{\"@type\":\"ImageObject\",\"inLanguage\":\"en-GB\",\"@id\":\"https:\\\/\\\/fantabimbi.com\\\/product\\\/modellino-auto-bburago-1-24-ferrari-488-pista-rosso-corsa\\\/#primaryimage\",\"url\":\"https:\\\/\\\/fantabimbi.com\\\/wp-content\\\/uploads\\\/2025\\\/10\\\/2c1cbdb3-3d2f-401a-bda0-8ad2ae34595e.jpg\",\"contentUrl\":\"https:\\\/\\\/fantabimbi.com\\\/wp-content\\\/uploads\\\/2025\\\/10\\\/2c1cbdb3-3d2f-401a-bda0-8ad2ae34595e.jpg\",\"width\":1113,\"height\":1600},{\"@type\":\"BreadcrumbList\",\"@id\":\"https:\\\/\\\/fantabimbi.com\\\/product\\\/modellino-auto-bburago-1-24-ferrari-488-pista-rosso-corsa\\\/#breadcrumb\",\"itemListElement\":[{\"@type\":\"ListItem\",\"position\":1,\"name\":\"Home\",\"item\":\"https:\\\/\\\/fantabimbi.com\\\/\"},{\"@type\":\"ListItem\",\"position\":2,\"name\":\"Negozio\",\"item\":\"https:\\\/\\\/fantabimbi.com\\\/shop\\\/\"},{\"@type\":\"ListItem\",\"position\":3,\"name\":\"Modellino Auto Bburago 1\\\/24 Ferrari 488 Pista Rosso Corsa\"}]},{\"@type\":\"WebSite\",\"@id\":\"https:\\\/\\\/fantabimbi.com\\\/#website\",\"url\":\"https:\\\/\\\/fantabimbi.com\\\/\",\"name\":\"FantaBimbi\",\"description\":\"\",\"publisher\":{\"@id\":\"https:\\\/\\\/fantabimbi.com\\\/#organization\"},\"potentialAction\":[{\"@type\":\"SearchAction\",\"target\":{\"@type\":\"EntryPoint\",\"urlTemplate\":\"https:\\\/\\\/fantabimbi.com\\\/?s={search_term_string}\"},\"query-input\":{\"@type\":\"PropertyValueSpecification\",\"valueRequired\":true,\"valueName\":\"search_term_string\"}}],\"inLanguage\":\"en-GB\"},{\"@type\":\"Organization\",\"@id\":\"https:\\\/\\\/fantabimbi.com\\\/#organization\",\"name\":\"FantaBimbi\",\"url\":\"https:\\\/\\\/fantabimbi.com\\\/\",\"logo\":{\"@type\":\"ImageObject\",\"inLanguage\":\"en-GB\",\"@id\":\"https:\\\/\\\/fantabimbi.com\\\/#\\\/schema\\\/logo\\\/image\\\/\",\"url\":\"https:\\\/\\\/fantabimbi.com\\\/wp-content\\\/uploads\\\/2025\\\/10\\\/fantabimbi.png\",\"contentUrl\":\"https:\\\/\\\/fantabimbi.com\\\/wp-content\\\/uploads\\\/2025\\\/10\\\/fantabimbi.png\",\"width\":2302,\"height\":671,\"caption\":\"FantaBimbi\"},\"image\":{\"@id\":\"https:\\\/\\\/fantabimbi.com\\\/#\\\/schema\\\/logo\\\/image\\\/\"},\"sameAs\":[\"https:\\\/\\\/www.facebook.com\\\/profile.php?id=100064145347457\"]}]}<\/script>\n<!-- \/ Yoast SEO plugin. -->","yoast_head_json":{"title":"Modellino Auto Bburago 1\/24 Ferrari 488 Pista Rosso Corsa - FantaBimbi","description":"FERRARI 488 PISTA R&P: Fedele riproduzione in scala 1:24 della Ferrari 488 Pista, vettura che cattura l'essenza della velocit\u00e0 e del design italiano.","robots":{"index":"index","follow":"follow","max-snippet":"max-snippet:-1","max-image-preview":"max-image-preview:large","max-video-preview":"max-video-preview:-1"},"canonical":"https:\/\/fantabimbi.com\/en\/product\/modellino-auto-bburago-1-24-ferrari-488-pista-rosso-corsa\/","og_locale":"en_GB","og_type":"article","og_title":"Modellino Auto Bburago 1\/24 Ferrari 488 Pista Rosso Corsa - FantaBimbi","og_description":"FERRARI 488 PISTA R&P: Fedele riproduzione in scala 1:24 della Ferrari 488 Pista, vettura che cattura l'essenza della velocit\u00e0 e del design italiano.","og_url":"https:\/\/fantabimbi.com\/en\/product\/modellino-auto-bburago-1-24-ferrari-488-pista-rosso-corsa\/","og_site_name":"FantaBimbi","article_publisher":"https:\/\/www.facebook.com\/profile.php?id=100064145347457","article_modified_time":"2025-11-08T16:07:28+00:00","og_image":[{"width":1113,"height":1600,"url":"https:\/\/fantabimbi.com\/wp-content\/uploads\/2025\/10\/2c1cbdb3-3d2f-401a-bda0-8ad2ae34595e.jpg","type":"image\/jpeg"}],"twitter_card":"summary_large_image","twitter_misc":{"Estimated reading time":"2 minutes"},"schema":{"@context":"https:\/\/schema.org","@graph":[{"@type":"WebPage","@id":"https:\/\/fantabimbi.com\/product\/modellino-auto-bburago-1-24-ferrari-488-pista-rosso-corsa\/","url":"https:\/\/fantabimbi.com\/product\/modellino-auto-bburago-1-24-ferrari-488-pista-rosso-corsa\/","name":"Modellino Auto Bburago 1\/24 Ferrari 488 Pista Rosso Corsa - FantaBimbi","isPartOf":{"@id":"https:\/\/fantabimbi.com\/#website"},"primaryImageOfPage":{"@id":"https:\/\/fantabimbi.com\/product\/modellino-auto-bburago-1-24-ferrari-488-pista-rosso-corsa\/#primaryimage"},"image":{"@id":"https:\/\/fantabimbi.com\/product\/modellino-auto-bburago-1-24-ferrari-488-pista-rosso-corsa\/#primaryimage"},"thumbnailUrl":"https:\/\/fantabimbi.com\/wp-content\/uploads\/2025\/10\/2c1cbdb3-3d2f-401a-bda0-8ad2ae34595e.jpg","datePublished":"2025-10-28T14:27:39+00:00","dateModified":"2025-11-08T16:07:28+00:00","description":"FERRARI 488 PISTA R&P: Fedele riproduzione in scala 1:24 della Ferrari 488 Pista, vettura che cattura l'essenza della velocit\u00e0 e del design italiano.","breadcrumb":{"@id":"https:\/\/fantabimbi.com\/product\/modellino-auto-bburago-1-24-ferrari-488-pista-rosso-corsa\/#breadcrumb"},"inLanguage":"en-GB","potentialAction":[{"@type":"ReadAction","target":["https:\/\/fantabimbi.com\/product\/modellino-auto-bburago-1-24-ferrari-488-pista-rosso-corsa\/"]}]},{"@type":"ImageObject","inLanguage":"en-GB","@id":"https:\/\/fantabimbi.com\/product\/modellino-auto-bburago-1-24-ferrari-488-pista-rosso-corsa\/#primaryimage","url":"https:\/\/fantabimbi.com\/wp-content\/uploads\/2025\/10\/2c1cbdb3-3d2f-401a-bda0-8ad2ae34595e.jpg","contentUrl":"https:\/\/fantabimbi.com\/wp-content\/uploads\/2025\/10\/2c1cbdb3-3d2f-401a-bda0-8ad2ae34595e.jpg","width":1113,"height":1600},{"@type":"BreadcrumbList","@id":"https:\/\/fantabimbi.com\/product\/modellino-auto-bburago-1-24-ferrari-488-pista-rosso-corsa\/#breadcrumb","itemListElement":[{"@type":"ListItem","position":1,"name":"Home","item":"https:\/\/fantabimbi.com\/"},{"@type":"ListItem","position":2,"name":"Negozio","item":"https:\/\/fantabimbi.com\/shop\/"},{"@type":"ListItem","position":3,"name":"Modellino Auto Bburago 1\/24 Ferrari 488 Pista Rosso Corsa"}]},{"@type":"WebSite","@id":"https:\/\/fantabimbi.com\/#website","url":"https:\/\/fantabimbi.com\/","name":"FantaBimbi","description":"","publisher":{"@id":"https:\/\/fantabimbi.com\/#organization"},"potentialAction":[{"@type":"SearchAction","target":{"@type":"EntryPoint","urlTemplate":"https:\/\/fantabimbi.com\/?s={search_term_string}"},"query-input":{"@type":"PropertyValueSpecification","valueRequired":true,"valueName":"search_term_string"}}],"inLanguage":"en-GB"},{"@type":"Organization","@id":"https:\/\/fantabimbi.com\/#organization","name":"FantaBimbi","url":"https:\/\/fantabimbi.com\/","logo":{"@type":"ImageObject","inLanguage":"en-GB","@id":"https:\/\/fantabimbi.com\/#\/schema\/logo\/image\/","url":"https:\/\/fantabimbi.com\/wp-content\/uploads\/2025\/10\/fantabimbi.png","contentUrl":"https:\/\/fantabimbi.com\/wp-content\/uploads\/2025\/10\/fantabimbi.png","width":2302,"height":671,"caption":"FantaBimbi"},"image":{"@id":"https:\/\/fantabimbi.com\/#\/schema\/logo\/image\/"},"sameAs":["https:\/\/www.facebook.com\/profile.php?id=100064145347457"]}]}},"_links":{"self":[{"href":"https:\/\/fantabimbi.com\/en\/wp-json\/wp\/v2\/product\/868","targetHints":{"allow":["GET"]}}],"collection":[{"href":"https:\/\/fantabimbi.com\/en\/wp-json\/wp\/v2\/product"}],"about":[{"href":"https:\/\/fantabimbi.com\/en\/wp-json\/wp\/v2\/types\/product"}],"replies":[{"embeddable":true,"href":"https:\/\/fantabimbi.com\/en\/wp-json\/wp\/v2\/comments?post=868"}],"wp:featuredmedia":[{"embeddable":true,"href":"https:\/\/fantabimbi.com\/en\/wp-json\/wp\/v2\/media\/869"}],"wp:attachment":[{"href":"https:\/\/fantabimbi.com\/en\/wp-json\/wp\/v2\/media?parent=868"}],"wp:term":[{"taxonomy":"product_brand","embeddable":true,"href":"https:\/\/fantabimbi.com\/en\/wp-json\/wp\/v2\/product_brand?post=868"},{"taxonomy":"product_cat","embeddable":true,"href":"https:\/\/fantabimbi.com\/en\/wp-json\/wp\/v2\/product_cat?post=868"},{"taxonomy":"product_tag","embeddable":true,"href":"https:\/\/fantabimbi.com\/en\/wp-json\/wp\/v2\/product_tag?post=868"}],"curies":[{"name":"wp","href":"https:\/\/api.w.org\/{rel}","templated":true}]}}