{"id":925,"date":"2025-10-28T16:07:42","date_gmt":"2025-10-28T16:07:42","guid":{"rendered":"https:\/\/fantabimbi.com\/?post_type=product&#038;p=925"},"modified":"2025-12-13T13:56:22","modified_gmt":"2025-12-13T13:56:22","slug":"barbie-togetherness-bear-bambola-cutie-reveal-care-bears-serie-2-con-costume-in-peluche","status":"publish","type":"product","link":"https:\/\/fantabimbi.com\/en\/product\/barbie-togetherness-bear-bambola-cutie-reveal-care-bears-serie-2-con-costume-in-peluche\/","title":{"rendered":"Barbie Togetherness Bear, bambola Cutie Reveal Care Bears Serie 2 con costume in peluche"},"content":{"rendered":"<ul>\n<li id=\"title\" class=\"a-size-large a-spacing-none\"><span id=\"productTitle\" class=\"a-size-large product-title-word-break\">Barbie &#8211; Togetherness Bear, bambola Cutie Reveal Care Bears Serie 2 con costume in peluche e mini orso, 10 sorprese e accessori con effetto cambia colore, giocattolo per bambini, 3+ anni. (194735306268)<\/span><\/li>\n<li class=\"a-spacing-mini\"><span class=\"a-list-item\">Con 10 sorprese da scoprire, le bambole Barbie Cutie Reveal Care Bears offrono ai bambini un&#8217;esperienza entusiasmante, ricca di amici di peluche, abiti dolci e divertenti trasformazioni<\/span><\/li>\n<li class=\"a-spacing-mini\"><span class=\"a-list-item\">Apri la confezione per trovare Togetherness Bear, il pi\u00f9 amato dai fan, con un costume in peluche color arcobaleno con una grafica a forma di cuore: \u00e8 cos\u00ec carino e adorabile<\/span><\/li>\n<li class=\"a-spacing-mini\"><span class=\"a-list-item\">Solleva la testa del costume per scoprire una bambola Barbie con lunghi capelli biondi con ciocche di colore rosa, viola e blu, articolazioni snodate e dettagli scintillanti sull&#8217;occhio<\/span><\/li>\n<li class=\"a-spacing-mini\"><span class=\"a-list-item\">Apri i 4 sacchettini a sorpresa contenenti abiti e accessori, come una gonna, un cerchietto per capelli, orecchini, un paio di stivali, un pettine-spugnetta e un mini Togetherness Bear coordinato<\/span><\/li>\n<li class=\"a-spacing-mini\"><span class=\"a-list-item\">I bambini possono vestire e adornare Barbie invertendo la parte superiore del costume: si riveler\u00e0 una giacca in pile super morbida con una stampa divertente; La testa del costume si trasforma inoltre in un letto per il piccolo amico orso Care Bear<\/span><\/li>\n<li class=\"a-spacing-mini\"><span class=\"a-list-item\">Usa acqua fredda e calda per trasformare il viso della bambola Barbie con dettagli scintillanti: ripeti l&#8217;effetto tutte le volte che vuoi<\/span><\/li>\n<li class=\"a-spacing-mini\"><span class=\"a-list-item\">Queste bambole della seconda serie di Barbie Cutie Reveal sono un regalo ottimo per i bambini dai 3 ai 7 anni, in particolare per i fan degli orsi Care Bear e per coloro che amano diffondere unione, sogni ed energia positiva.<\/span><\/li>\n<\/ul>","protected":false},"excerpt":{"rendered":"<p>Barbie &#8211; Togetherness Bear, bambola Cutie Reveal Care Bears Serie 2 con costume in peluche e mini orso, 10 sorprese<\/p>","protected":false},"featured_media":926,"comment_status":"open","ping_status":"closed","template":"","meta":[],"product_brand":[52],"product_cat":[20],"product_tag":[],"class_list":{"0":"post-925","1":"product","2":"type-product","3":"status-publish","4":"has-post-thumbnail","6":"product_brand-barbie","7":"product_cat-dolls","9":"first","10":"outofstock","11":"taxable","12":"shipping-taxable","13":"purchasable","14":"product-type-simple"},"yoast_head":"<!-- This site is optimized with the Yoast SEO plugin v27.3 - https:\/\/yoast.com\/product\/yoast-seo-wordpress\/ -->\n<title>Barbie Togetherness Bear, bambola Cutie Reveal Care Bears Serie 2 con costume in peluche - FantaBimbi<\/title>\n<meta name=\"description\" content=\"Queste bambole della seconda serie di Barbie Cutie Reveal sono un regalo ottimo per i bambini dai 3 ai 7 anni, in particolare per i fan degli orsi Care Bear e per coloro che amano diffondere unione, sogni ed energia positiva.\" \/>\n<meta name=\"robots\" content=\"index, follow, max-snippet:-1, max-image-preview:large, max-video-preview:-1\" \/>\n<link rel=\"canonical\" href=\"https:\/\/fantabimbi.com\/en\/product\/barbie-togetherness-bear-bambola-cutie-reveal-care-bears-serie-2-con-costume-in-peluche\/\" \/>\n<meta property=\"og:locale\" content=\"en_GB\" \/>\n<meta property=\"og:type\" content=\"article\" \/>\n<meta property=\"og:title\" content=\"Barbie Togetherness Bear, bambola Cutie Reveal Care Bears Serie 2 con costume in peluche - FantaBimbi\" \/>\n<meta property=\"og:description\" content=\"Queste bambole della seconda serie di Barbie Cutie Reveal sono un regalo ottimo per i bambini dai 3 ai 7 anni, in particolare per i fan degli orsi Care Bear e per coloro che amano diffondere unione, sogni ed energia positiva.\" \/>\n<meta property=\"og:url\" content=\"https:\/\/fantabimbi.com\/en\/product\/barbie-togetherness-bear-bambola-cutie-reveal-care-bears-serie-2-con-costume-in-peluche\/\" \/>\n<meta property=\"og:site_name\" content=\"FantaBimbi\" \/>\n<meta property=\"article:publisher\" content=\"https:\/\/www.facebook.com\/profile.php?id=100064145347457\" \/>\n<meta property=\"article:modified_time\" content=\"2025-12-13T13:56:22+00:00\" \/>\n<meta property=\"og:image\" content=\"https:\/\/fantabimbi.com\/wp-content\/uploads\/2025\/10\/0a51ac5d-c009-4571-959b-d4e782760550.jpg\" \/>\n\t<meta property=\"og:image:width\" content=\"923\" \/>\n\t<meta property=\"og:image:height\" content=\"1600\" \/>\n\t<meta property=\"og:image:type\" content=\"image\/jpeg\" \/>\n<meta name=\"twitter:card\" content=\"summary_large_image\" \/>\n<meta name=\"twitter:label1\" content=\"Estimated reading time\" \/>\n\t<meta name=\"twitter:data1\" content=\"2 minutes\" \/>\n<script type=\"application\/ld+json\" class=\"yoast-schema-graph\">{\"@context\":\"https:\\\/\\\/schema.org\",\"@graph\":[{\"@type\":\"WebPage\",\"@id\":\"https:\\\/\\\/fantabimbi.com\\\/product\\\/barbie-togetherness-bear-bambola-cutie-reveal-care-bears-serie-2-con-costume-in-peluche\\\/\",\"url\":\"https:\\\/\\\/fantabimbi.com\\\/product\\\/barbie-togetherness-bear-bambola-cutie-reveal-care-bears-serie-2-con-costume-in-peluche\\\/\",\"name\":\"Barbie Togetherness Bear, bambola Cutie Reveal Care Bears Serie 2 con costume in peluche - FantaBimbi\",\"isPartOf\":{\"@id\":\"https:\\\/\\\/fantabimbi.com\\\/#website\"},\"primaryImageOfPage\":{\"@id\":\"https:\\\/\\\/fantabimbi.com\\\/product\\\/barbie-togetherness-bear-bambola-cutie-reveal-care-bears-serie-2-con-costume-in-peluche\\\/#primaryimage\"},\"image\":{\"@id\":\"https:\\\/\\\/fantabimbi.com\\\/product\\\/barbie-togetherness-bear-bambola-cutie-reveal-care-bears-serie-2-con-costume-in-peluche\\\/#primaryimage\"},\"thumbnailUrl\":\"https:\\\/\\\/fantabimbi.com\\\/wp-content\\\/uploads\\\/2025\\\/10\\\/0a51ac5d-c009-4571-959b-d4e782760550.jpg\",\"datePublished\":\"2025-10-28T16:07:42+00:00\",\"dateModified\":\"2025-12-13T13:56:22+00:00\",\"description\":\"Queste bambole della seconda serie di Barbie Cutie Reveal sono un regalo ottimo per i bambini dai 3 ai 7 anni, in particolare per i fan degli orsi Care Bear e per coloro che amano diffondere unione, sogni ed energia positiva.\",\"breadcrumb\":{\"@id\":\"https:\\\/\\\/fantabimbi.com\\\/product\\\/barbie-togetherness-bear-bambola-cutie-reveal-care-bears-serie-2-con-costume-in-peluche\\\/#breadcrumb\"},\"inLanguage\":\"en-GB\",\"potentialAction\":[{\"@type\":\"ReadAction\",\"target\":[\"https:\\\/\\\/fantabimbi.com\\\/product\\\/barbie-togetherness-bear-bambola-cutie-reveal-care-bears-serie-2-con-costume-in-peluche\\\/\"]}]},{\"@type\":\"ImageObject\",\"inLanguage\":\"en-GB\",\"@id\":\"https:\\\/\\\/fantabimbi.com\\\/product\\\/barbie-togetherness-bear-bambola-cutie-reveal-care-bears-serie-2-con-costume-in-peluche\\\/#primaryimage\",\"url\":\"https:\\\/\\\/fantabimbi.com\\\/wp-content\\\/uploads\\\/2025\\\/10\\\/0a51ac5d-c009-4571-959b-d4e782760550.jpg\",\"contentUrl\":\"https:\\\/\\\/fantabimbi.com\\\/wp-content\\\/uploads\\\/2025\\\/10\\\/0a51ac5d-c009-4571-959b-d4e782760550.jpg\",\"width\":923,\"height\":1600},{\"@type\":\"BreadcrumbList\",\"@id\":\"https:\\\/\\\/fantabimbi.com\\\/product\\\/barbie-togetherness-bear-bambola-cutie-reveal-care-bears-serie-2-con-costume-in-peluche\\\/#breadcrumb\",\"itemListElement\":[{\"@type\":\"ListItem\",\"position\":1,\"name\":\"Home\",\"item\":\"https:\\\/\\\/fantabimbi.com\\\/\"},{\"@type\":\"ListItem\",\"position\":2,\"name\":\"Negozio\",\"item\":\"https:\\\/\\\/fantabimbi.com\\\/shop\\\/\"},{\"@type\":\"ListItem\",\"position\":3,\"name\":\"Barbie Togetherness Bear, bambola Cutie Reveal Care Bears Serie 2 con costume in peluche\"}]},{\"@type\":\"WebSite\",\"@id\":\"https:\\\/\\\/fantabimbi.com\\\/#website\",\"url\":\"https:\\\/\\\/fantabimbi.com\\\/\",\"name\":\"FantaBimbi\",\"description\":\"\",\"publisher\":{\"@id\":\"https:\\\/\\\/fantabimbi.com\\\/#organization\"},\"potentialAction\":[{\"@type\":\"SearchAction\",\"target\":{\"@type\":\"EntryPoint\",\"urlTemplate\":\"https:\\\/\\\/fantabimbi.com\\\/?s={search_term_string}\"},\"query-input\":{\"@type\":\"PropertyValueSpecification\",\"valueRequired\":true,\"valueName\":\"search_term_string\"}}],\"inLanguage\":\"en-GB\"},{\"@type\":\"Organization\",\"@id\":\"https:\\\/\\\/fantabimbi.com\\\/#organization\",\"name\":\"FantaBimbi\",\"url\":\"https:\\\/\\\/fantabimbi.com\\\/\",\"logo\":{\"@type\":\"ImageObject\",\"inLanguage\":\"en-GB\",\"@id\":\"https:\\\/\\\/fantabimbi.com\\\/#\\\/schema\\\/logo\\\/image\\\/\",\"url\":\"https:\\\/\\\/fantabimbi.com\\\/wp-content\\\/uploads\\\/2025\\\/10\\\/fantabimbi.png\",\"contentUrl\":\"https:\\\/\\\/fantabimbi.com\\\/wp-content\\\/uploads\\\/2025\\\/10\\\/fantabimbi.png\",\"width\":2302,\"height\":671,\"caption\":\"FantaBimbi\"},\"image\":{\"@id\":\"https:\\\/\\\/fantabimbi.com\\\/#\\\/schema\\\/logo\\\/image\\\/\"},\"sameAs\":[\"https:\\\/\\\/www.facebook.com\\\/profile.php?id=100064145347457\"]}]}<\/script>\n<!-- \/ Yoast SEO plugin. -->","yoast_head_json":{"title":"Barbie Togetherness Bear, bambola Cutie Reveal Care Bears Serie 2 con costume in peluche - FantaBimbi","description":"Queste bambole della seconda serie di Barbie Cutie Reveal sono un regalo ottimo per i bambini dai 3 ai 7 anni, in particolare per i fan degli orsi Care Bear e per coloro che amano diffondere unione, sogni ed energia positiva.","robots":{"index":"index","follow":"follow","max-snippet":"max-snippet:-1","max-image-preview":"max-image-preview:large","max-video-preview":"max-video-preview:-1"},"canonical":"https:\/\/fantabimbi.com\/en\/product\/barbie-togetherness-bear-bambola-cutie-reveal-care-bears-serie-2-con-costume-in-peluche\/","og_locale":"en_GB","og_type":"article","og_title":"Barbie Togetherness Bear, bambola Cutie Reveal Care Bears Serie 2 con costume in peluche - FantaBimbi","og_description":"Queste bambole della seconda serie di Barbie Cutie Reveal sono un regalo ottimo per i bambini dai 3 ai 7 anni, in particolare per i fan degli orsi Care Bear e per coloro che amano diffondere unione, sogni ed energia positiva.","og_url":"https:\/\/fantabimbi.com\/en\/product\/barbie-togetherness-bear-bambola-cutie-reveal-care-bears-serie-2-con-costume-in-peluche\/","og_site_name":"FantaBimbi","article_publisher":"https:\/\/www.facebook.com\/profile.php?id=100064145347457","article_modified_time":"2025-12-13T13:56:22+00:00","og_image":[{"width":923,"height":1600,"url":"https:\/\/fantabimbi.com\/wp-content\/uploads\/2025\/10\/0a51ac5d-c009-4571-959b-d4e782760550.jpg","type":"image\/jpeg"}],"twitter_card":"summary_large_image","twitter_misc":{"Estimated reading time":"2 minutes"},"schema":{"@context":"https:\/\/schema.org","@graph":[{"@type":"WebPage","@id":"https:\/\/fantabimbi.com\/product\/barbie-togetherness-bear-bambola-cutie-reveal-care-bears-serie-2-con-costume-in-peluche\/","url":"https:\/\/fantabimbi.com\/product\/barbie-togetherness-bear-bambola-cutie-reveal-care-bears-serie-2-con-costume-in-peluche\/","name":"Barbie Togetherness Bear, bambola Cutie Reveal Care Bears Serie 2 con costume in peluche - FantaBimbi","isPartOf":{"@id":"https:\/\/fantabimbi.com\/#website"},"primaryImageOfPage":{"@id":"https:\/\/fantabimbi.com\/product\/barbie-togetherness-bear-bambola-cutie-reveal-care-bears-serie-2-con-costume-in-peluche\/#primaryimage"},"image":{"@id":"https:\/\/fantabimbi.com\/product\/barbie-togetherness-bear-bambola-cutie-reveal-care-bears-serie-2-con-costume-in-peluche\/#primaryimage"},"thumbnailUrl":"https:\/\/fantabimbi.com\/wp-content\/uploads\/2025\/10\/0a51ac5d-c009-4571-959b-d4e782760550.jpg","datePublished":"2025-10-28T16:07:42+00:00","dateModified":"2025-12-13T13:56:22+00:00","description":"Queste bambole della seconda serie di Barbie Cutie Reveal sono un regalo ottimo per i bambini dai 3 ai 7 anni, in particolare per i fan degli orsi Care Bear e per coloro che amano diffondere unione, sogni ed energia positiva.","breadcrumb":{"@id":"https:\/\/fantabimbi.com\/product\/barbie-togetherness-bear-bambola-cutie-reveal-care-bears-serie-2-con-costume-in-peluche\/#breadcrumb"},"inLanguage":"en-GB","potentialAction":[{"@type":"ReadAction","target":["https:\/\/fantabimbi.com\/product\/barbie-togetherness-bear-bambola-cutie-reveal-care-bears-serie-2-con-costume-in-peluche\/"]}]},{"@type":"ImageObject","inLanguage":"en-GB","@id":"https:\/\/fantabimbi.com\/product\/barbie-togetherness-bear-bambola-cutie-reveal-care-bears-serie-2-con-costume-in-peluche\/#primaryimage","url":"https:\/\/fantabimbi.com\/wp-content\/uploads\/2025\/10\/0a51ac5d-c009-4571-959b-d4e782760550.jpg","contentUrl":"https:\/\/fantabimbi.com\/wp-content\/uploads\/2025\/10\/0a51ac5d-c009-4571-959b-d4e782760550.jpg","width":923,"height":1600},{"@type":"BreadcrumbList","@id":"https:\/\/fantabimbi.com\/product\/barbie-togetherness-bear-bambola-cutie-reveal-care-bears-serie-2-con-costume-in-peluche\/#breadcrumb","itemListElement":[{"@type":"ListItem","position":1,"name":"Home","item":"https:\/\/fantabimbi.com\/"},{"@type":"ListItem","position":2,"name":"Negozio","item":"https:\/\/fantabimbi.com\/shop\/"},{"@type":"ListItem","position":3,"name":"Barbie Togetherness Bear, bambola Cutie Reveal Care Bears Serie 2 con costume in peluche"}]},{"@type":"WebSite","@id":"https:\/\/fantabimbi.com\/#website","url":"https:\/\/fantabimbi.com\/","name":"FantaBimbi","description":"","publisher":{"@id":"https:\/\/fantabimbi.com\/#organization"},"potentialAction":[{"@type":"SearchAction","target":{"@type":"EntryPoint","urlTemplate":"https:\/\/fantabimbi.com\/?s={search_term_string}"},"query-input":{"@type":"PropertyValueSpecification","valueRequired":true,"valueName":"search_term_string"}}],"inLanguage":"en-GB"},{"@type":"Organization","@id":"https:\/\/fantabimbi.com\/#organization","name":"FantaBimbi","url":"https:\/\/fantabimbi.com\/","logo":{"@type":"ImageObject","inLanguage":"en-GB","@id":"https:\/\/fantabimbi.com\/#\/schema\/logo\/image\/","url":"https:\/\/fantabimbi.com\/wp-content\/uploads\/2025\/10\/fantabimbi.png","contentUrl":"https:\/\/fantabimbi.com\/wp-content\/uploads\/2025\/10\/fantabimbi.png","width":2302,"height":671,"caption":"FantaBimbi"},"image":{"@id":"https:\/\/fantabimbi.com\/#\/schema\/logo\/image\/"},"sameAs":["https:\/\/www.facebook.com\/profile.php?id=100064145347457"]}]}},"_links":{"self":[{"href":"https:\/\/fantabimbi.com\/en\/wp-json\/wp\/v2\/product\/925","targetHints":{"allow":["GET"]}}],"collection":[{"href":"https:\/\/fantabimbi.com\/en\/wp-json\/wp\/v2\/product"}],"about":[{"href":"https:\/\/fantabimbi.com\/en\/wp-json\/wp\/v2\/types\/product"}],"replies":[{"embeddable":true,"href":"https:\/\/fantabimbi.com\/en\/wp-json\/wp\/v2\/comments?post=925"}],"wp:featuredmedia":[{"embeddable":true,"href":"https:\/\/fantabimbi.com\/en\/wp-json\/wp\/v2\/media\/926"}],"wp:attachment":[{"href":"https:\/\/fantabimbi.com\/en\/wp-json\/wp\/v2\/media?parent=925"}],"wp:term":[{"taxonomy":"product_brand","embeddable":true,"href":"https:\/\/fantabimbi.com\/en\/wp-json\/wp\/v2\/product_brand?post=925"},{"taxonomy":"product_cat","embeddable":true,"href":"https:\/\/fantabimbi.com\/en\/wp-json\/wp\/v2\/product_cat?post=925"},{"taxonomy":"product_tag","embeddable":true,"href":"https:\/\/fantabimbi.com\/en\/wp-json\/wp\/v2\/product_tag?post=925"}],"curies":[{"name":"wp","href":"https:\/\/api.w.org\/{rel}","templated":true}]}}